{"id":3177,"date":"2025-04-01T09:24:18","date_gmt":"2025-04-01T07:24:18","guid":{"rendered":"https:\/\/divainers.com\/?post_type=product&#038;p=3177"},"modified":"2026-03-16T16:08:32","modified_gmt":"2026-03-16T15:08:32","slug":"divain-1014","status":"publish","type":"product","link":"https:\/\/divainers.com\/sv\/producto\/divain-1014\/","title":{"rendered":"divain.1014"},"content":{"rendered":"<p>Una fragancia envolvente y luminosa que abre con el dulzor jugoso de la cereza y la grosella negra, envueltas en la frescura verde de las hojas de violeta. En su coraz\u00f3n, un bouquet de gardenia y jazm\u00edn despliega una feminidad elegante y sofisticada. La calidez del pachul\u00ed se fusiona con la cremosidad del caramelo y el toque terroso del musgo en el fondo, creando una estela adictiva y envolvente. Ideal para quienes buscan una esencia dulce, vibrante y llena de encanto.<\/p>\n","protected":false},"excerpt":{"rendered":"<p>Similar a My Wish de Halloween<\/p>\n","protected":false},"featured_media":3178,"comment_status":"closed","ping_status":"closed","template":"","meta":[],"product_brand":[],"product_cat":[1083],"product_tag":[],"class_list":{"0":"post-3177","1":"product","2":"type-product","3":"status-publish","4":"has-post-thumbnail","6":"product_cat-halloween","8":"first","9":"instock","10":"shipping-taxable","11":"product-type-simple"},"_links":{"self":[{"href":"https:\/\/divainers.com\/sv\/wp-json\/wp\/v2\/product\/3177","targetHints":{"allow":["GET"]}}],"collection":[{"href":"https:\/\/divainers.com\/sv\/wp-json\/wp\/v2\/product"}],"about":[{"href":"https:\/\/divainers.com\/sv\/wp-json\/wp\/v2\/types\/product"}],"replies":[{"embeddable":true,"href":"https:\/\/divainers.com\/sv\/wp-json\/wp\/v2\/comments?post=3177"}],"wp:featuredmedia":[{"embeddable":true,"href":"https:\/\/divainers.com\/sv\/wp-json\/wp\/v2\/media\/3178"}],"wp:attachment":[{"href":"https:\/\/divainers.com\/sv\/wp-json\/wp\/v2\/media?parent=3177"}],"wp:term":[{"taxonomy":"product_brand","embeddable":true,"href":"https:\/\/divainers.com\/sv\/wp-json\/wp\/v2\/product_brand?post=3177"},{"taxonomy":"product_cat","embeddable":true,"href":"https:\/\/divainers.com\/sv\/wp-json\/wp\/v2\/product_cat?post=3177"},{"taxonomy":"product_tag","embeddable":true,"href":"https:\/\/divainers.com\/sv\/wp-json\/wp\/v2\/product_tag?post=3177"}],"curies":[{"name":"wp","href":"https:\/\/api.w.org\/{rel}","templated":true}]}}