{"id":367,"date":"2025-01-31T08:31:54","date_gmt":"2025-01-31T07:31:54","guid":{"rendered":"https:\/\/divainers.com\/producto\/divain-901\/"},"modified":"2026-04-30T16:21:03","modified_gmt":"2026-04-30T14:21:03","slug":"divain-901","status":"publish","type":"product","link":"https:\/\/divainers.com\/sv\/producto\/divain-901\/","title":{"rendered":"divain.901"},"content":{"rendered":"<p>\u010cerstv\u00e1 a jemn\u00e1 v\u016fn\u011b, kter\u00e1 evokuje \u010distotu a jemnost nevinn\u00e9ho doteku. Od prvn\u00edho akordu vytv\u00e1\u0159\u00ed jemn\u00e1 sm\u011bs citrus\u016f a sladk\u00e9ho ovoce lehk\u00fd a radostn\u00fd \u00favod, zat\u00edmco jemn\u00e9 kv\u011btinov\u00e9 t\u00f3ny jasm\u00ednu a r\u016f\u017ee p\u0159id\u00e1vaj\u00ed vrstvu sv\u011b\u017e\u00ed a z\u00e1\u0159iv\u00e9 \u017eenskosti. Jak v\u016fn\u011b dozr\u00e1v\u00e1, z\u00e1klad z pi\u017ema a vanilky p\u0159in\u00e1\u0161\u00ed \u00fatuln\u00fd a jemn\u00fd pocit, obaluj\u00edc\u00ed poko\u017eku lehk\u00fdm a okouzluj\u00edc\u00edm teplem. Ide\u00e1ln\u00ed pro ty, kte\u0159\u00ed hledaj\u00ed nen\u00e1padnou, ale v\u00fdraznou v\u016fni, tato kompozice zanech\u00e1v\u00e1 jemn\u011b sladkou a sv\u011b\u017e\u00ed stopu, perfektn\u00ed pro ka\u017edodenn\u00ed no\u0161en\u00ed, kter\u00e1 vyza\u0159uje pocit sv\u011b\u017eesti, n\u011bhy a p\u0159irozen\u00e9 elegance.<\/p>\n","protected":false},"excerpt":{"rendered":"<p>P\u0159ipom\u00edn\u00e1 Baby Touch od Burberry<\/p>\n","protected":false},"featured_media":15932,"comment_status":"open","ping_status":"closed","template":"","meta":[],"product_brand":[],"product_cat":[1922],"product_tag":[4603],"class_list":{"0":"post-367","1":"product","2":"type-product","3":"status-publish","4":"has-post-thumbnail","6":"product_cat-burberry","7":"product_tag-deti","9":"first","10":"instock","11":"shipping-taxable","12":"product-type-simple"},"_links":{"self":[{"href":"https:\/\/divainers.com\/sv\/wp-json\/wp\/v2\/product\/367","targetHints":{"allow":["GET"]}}],"collection":[{"href":"https:\/\/divainers.com\/sv\/wp-json\/wp\/v2\/product"}],"about":[{"href":"https:\/\/divainers.com\/sv\/wp-json\/wp\/v2\/types\/product"}],"replies":[{"embeddable":true,"href":"https:\/\/divainers.com\/sv\/wp-json\/wp\/v2\/comments?post=367"}],"wp:featuredmedia":[{"embeddable":true,"href":"https:\/\/divainers.com\/sv\/wp-json\/wp\/v2\/media\/15932"}],"wp:attachment":[{"href":"https:\/\/divainers.com\/sv\/wp-json\/wp\/v2\/media?parent=367"}],"wp:term":[{"taxonomy":"product_brand","embeddable":true,"href":"https:\/\/divainers.com\/sv\/wp-json\/wp\/v2\/product_brand?post=367"},{"taxonomy":"product_cat","embeddable":true,"href":"https:\/\/divainers.com\/sv\/wp-json\/wp\/v2\/product_cat?post=367"},{"taxonomy":"product_tag","embeddable":true,"href":"https:\/\/divainers.com\/sv\/wp-json\/wp\/v2\/product_tag?post=367"}],"curies":[{"name":"wp","href":"https:\/\/api.w.org\/{rel}","templated":true}]}}