{"id":404,"date":"2025-01-31T08:31:58","date_gmt":"2025-01-31T07:31:58","guid":{"rendered":"https:\/\/divainers.com\/producto\/divain-841\/"},"modified":"2026-03-16T16:07:19","modified_gmt":"2026-03-16T15:07:19","slug":"divain-841","status":"publish","type":"product","link":"https:\/\/divainers.com\/sv\/producto\/divain-841\/","title":{"rendered":"divain.841"},"content":{"rendered":"<p>\u200b<span class=\"relative -mx-px my-[-0.2rem] rounded px-px py-[0.2rem]\">Esta fragancia unisex rinde homenaje a las enfermeras que salvaron miles de vidas durante la Primera Guerra Mundial.<\/span> <span class=\"relative -mx-px my-[-0.2rem] rounded px-px py-[0.2rem]\">Abre con notas frescas de pimienta rosa y p\u00e9talos de rosa turca, seguidas por un coraz\u00f3n floral de absoluto de rosa turca y flor de frambuesa.<\/span> <span class=\"relative -mx-px my-[-0.2rem] rounded px-px py-[0.2rem]\">La base de \u00e1mbar y papiro a\u00f1ade una profundidad c\u00e1lida y terrosa.<\/span> <span class=\"relative -mx-px my-[-0.2rem] rounded px-px py-[0.2rem]\">Ideal para quienes buscan una esencia que combine delicadeza y sofisticaci\u00f3n.<\/span><\/p>\n","protected":false},"excerpt":{"rendered":"<p>Recuerda a Rose of no man&#8217;s land de Byredo<\/p>\n","protected":false},"featured_media":3333,"comment_status":"open","ping_status":"closed","template":"","meta":[],"product_brand":[],"product_cat":[2019],"product_tag":[1410],"class_list":{"0":"post-404","1":"product","2":"type-product","3":"status-publish","4":"has-post-thumbnail","6":"product_cat-byredo","7":"product_tag-uniseks","9":"first","10":"instock","11":"shipping-taxable","12":"product-type-simple"},"_links":{"self":[{"href":"https:\/\/divainers.com\/sv\/wp-json\/wp\/v2\/product\/404","targetHints":{"allow":["GET"]}}],"collection":[{"href":"https:\/\/divainers.com\/sv\/wp-json\/wp\/v2\/product"}],"about":[{"href":"https:\/\/divainers.com\/sv\/wp-json\/wp\/v2\/types\/product"}],"replies":[{"embeddable":true,"href":"https:\/\/divainers.com\/sv\/wp-json\/wp\/v2\/comments?post=404"}],"wp:featuredmedia":[{"embeddable":true,"href":"https:\/\/divainers.com\/sv\/wp-json\/wp\/v2\/media\/3333"}],"wp:attachment":[{"href":"https:\/\/divainers.com\/sv\/wp-json\/wp\/v2\/media?parent=404"}],"wp:term":[{"taxonomy":"product_brand","embeddable":true,"href":"https:\/\/divainers.com\/sv\/wp-json\/wp\/v2\/product_brand?post=404"},{"taxonomy":"product_cat","embeddable":true,"href":"https:\/\/divainers.com\/sv\/wp-json\/wp\/v2\/product_cat?post=404"},{"taxonomy":"product_tag","embeddable":true,"href":"https:\/\/divainers.com\/sv\/wp-json\/wp\/v2\/product_tag?post=404"}],"curies":[{"name":"wp","href":"https:\/\/api.w.org\/{rel}","templated":true}]}}