{"id":414,"date":"2025-01-31T08:32:00","date_gmt":"2025-01-31T07:32:00","guid":{"rendered":"https:\/\/divainers.com\/producto\/divain-149\/"},"modified":"2026-03-16T16:07:20","modified_gmt":"2026-03-16T15:07:20","slug":"divain-149","status":"publish","type":"product","link":"https:\/\/divainers.com\/sv\/producto\/divain-149\/","title":{"rendered":"divain.149"},"content":{"rendered":"<p>Un aroma juguet\u00f3n y seductor que envuelve los sentidos con su feminidad vibrante y chispeante. Su apertura luminosa de mandarina y petitgrain crea una explosi\u00f3n c\u00edtrica y fresca, llena de energ\u00eda. En el coraz\u00f3n, el azahar y el jazm\u00edn envuelven la fragancia en una dulzura floral irresistible y envolvente. En el fondo, la suavidad de la almendra y la madera de \u00e1mbar aportan una calidez cremosa y adictiva, perfecta para la mujer coqueta, divertida y con un encanto natural que deja una estela inolvidable.<\/p>\n","protected":false},"excerpt":{"rendered":"<p>Recuerda a Catch Me de Cacharel<\/p>\n","protected":false},"featured_media":3632,"comment_status":"open","ping_status":"closed","template":"","meta":[],"product_brand":[],"product_cat":[2066],"product_tag":[1418],"class_list":{"0":"post-414","1":"product","2":"type-product","3":"status-publish","4":"has-post-thumbnail","6":"product_cat-cacharel","7":"product_tag-women","9":"first","10":"instock","11":"shipping-taxable","12":"product-type-simple"},"_links":{"self":[{"href":"https:\/\/divainers.com\/sv\/wp-json\/wp\/v2\/product\/414","targetHints":{"allow":["GET"]}}],"collection":[{"href":"https:\/\/divainers.com\/sv\/wp-json\/wp\/v2\/product"}],"about":[{"href":"https:\/\/divainers.com\/sv\/wp-json\/wp\/v2\/types\/product"}],"replies":[{"embeddable":true,"href":"https:\/\/divainers.com\/sv\/wp-json\/wp\/v2\/comments?post=414"}],"wp:featuredmedia":[{"embeddable":true,"href":"https:\/\/divainers.com\/sv\/wp-json\/wp\/v2\/media\/3632"}],"wp:attachment":[{"href":"https:\/\/divainers.com\/sv\/wp-json\/wp\/v2\/media?parent=414"}],"wp:term":[{"taxonomy":"product_brand","embeddable":true,"href":"https:\/\/divainers.com\/sv\/wp-json\/wp\/v2\/product_brand?post=414"},{"taxonomy":"product_cat","embeddable":true,"href":"https:\/\/divainers.com\/sv\/wp-json\/wp\/v2\/product_cat?post=414"},{"taxonomy":"product_tag","embeddable":true,"href":"https:\/\/divainers.com\/sv\/wp-json\/wp\/v2\/product_tag?post=414"}],"curies":[{"name":"wp","href":"https:\/\/api.w.org\/{rel}","templated":true}]}}