{"id":415,"date":"2025-01-31T08:32:00","date_gmt":"2025-01-31T07:32:00","guid":{"rendered":"https:\/\/divainers.com\/producto\/divain-156\/"},"modified":"2026-03-16T16:07:20","modified_gmt":"2026-03-16T15:07:20","slug":"divain-156","status":"publish","type":"product","link":"https:\/\/divainers.com\/sv\/producto\/divain-156\/","title":{"rendered":"divain.156"},"content":{"rendered":"<p>Un aroma ex\u00f3tico y envolvente que transporta a un jard\u00edn paradis\u00edaco lleno de misterio y sensualidad. Su apertura fresca y vibrante de bergamota, mandarina y durazno se fusiona con notas acu\u00e1ticas que evocan la frescura de la naturaleza. En el coraz\u00f3n, un bouquet exuberante de nardos, jazm\u00edn, lirio de los valles y mimosa despliega una feminidad intensa y envolvente. En el fondo, el pachul\u00ed, el s\u00e1ndalo y la haba tonka crean una estela c\u00e1lida, dulce y m\u00edstica, perfecta para la mujer apasionada, enigm\u00e1tica y con un esp\u00edritu libre que deja una huella inolvidable.<\/p>\n","protected":false},"excerpt":{"rendered":"<p>Recuerda a Eden de Cacharel<\/p>\n","protected":false},"featured_media":3471,"comment_status":"open","ping_status":"closed","template":"","meta":[],"product_brand":[],"product_cat":[2066],"product_tag":[38],"class_list":{"0":"post-415","1":"product","2":"type-product","3":"status-publish","4":"has-post-thumbnail","6":"product_cat-cacharel","7":"product_tag-mujer","9":"first","10":"instock","11":"shipping-taxable","12":"product-type-simple"},"_links":{"self":[{"href":"https:\/\/divainers.com\/sv\/wp-json\/wp\/v2\/product\/415","targetHints":{"allow":["GET"]}}],"collection":[{"href":"https:\/\/divainers.com\/sv\/wp-json\/wp\/v2\/product"}],"about":[{"href":"https:\/\/divainers.com\/sv\/wp-json\/wp\/v2\/types\/product"}],"replies":[{"embeddable":true,"href":"https:\/\/divainers.com\/sv\/wp-json\/wp\/v2\/comments?post=415"}],"wp:featuredmedia":[{"embeddable":true,"href":"https:\/\/divainers.com\/sv\/wp-json\/wp\/v2\/media\/3471"}],"wp:attachment":[{"href":"https:\/\/divainers.com\/sv\/wp-json\/wp\/v2\/media?parent=415"}],"wp:term":[{"taxonomy":"product_brand","embeddable":true,"href":"https:\/\/divainers.com\/sv\/wp-json\/wp\/v2\/product_brand?post=415"},{"taxonomy":"product_cat","embeddable":true,"href":"https:\/\/divainers.com\/sv\/wp-json\/wp\/v2\/product_cat?post=415"},{"taxonomy":"product_tag","embeddable":true,"href":"https:\/\/divainers.com\/sv\/wp-json\/wp\/v2\/product_tag?post=415"}],"curies":[{"name":"wp","href":"https:\/\/api.w.org\/{rel}","templated":true}]}}