{"id":419,"date":"2025-01-31T08:32:00","date_gmt":"2025-01-31T07:32:00","guid":{"rendered":"https:\/\/divainers.com\/producto\/divain-578\/"},"modified":"2026-03-16T16:07:20","modified_gmt":"2026-03-16T15:07:20","slug":"divain-578","status":"publish","type":"product","link":"https:\/\/divainers.com\/sv\/producto\/divain-578\/","title":{"rendered":"divain.578"},"content":{"rendered":"<p>Un aroma audaz, moderno y lleno de car\u00e1cter que captura la esencia de la feminidad empoderada y sensual. Desde la apertura, una mezcla de frutos rojos como frambuesa y mandarina crea una entrada fresca y afrutada, seguida por el toque especiado de pimienta rosa que aporta energ\u00eda y dinamismo. En su coraz\u00f3n, la flor de jengibre y el jazm\u00edn le dan un toque floral suave y elegante, mientras que la base cremosa de leche, s\u00e1ndalo y vainilla a\u00f1ade una sensaci\u00f3n c\u00e1lida, dulce y envolvente. Un perfume ideal para quienes buscan una fragancia floral, afrutada y cremosa, perfecta para el d\u00eda a d\u00eda o para ocasiones especiales donde se desea dejar una huella \u00fanica, sofisticada y segura.<\/p>\n","protected":false},"excerpt":{"rendered":"<p>Recuerda a Yes I Am de Cacharel<\/p>\n","protected":false},"featured_media":3484,"comment_status":"open","ping_status":"closed","template":"","meta":[],"product_brand":[],"product_cat":[2066],"product_tag":[1448],"class_list":{"0":"post-419","1":"product","2":"type-product","3":"status-publish","4":"has-post-thumbnail","6":"product_cat-cacharel","7":"product_tag-moterys","9":"first","10":"instock","11":"shipping-taxable","12":"product-type-simple"},"_links":{"self":[{"href":"https:\/\/divainers.com\/sv\/wp-json\/wp\/v2\/product\/419","targetHints":{"allow":["GET"]}}],"collection":[{"href":"https:\/\/divainers.com\/sv\/wp-json\/wp\/v2\/product"}],"about":[{"href":"https:\/\/divainers.com\/sv\/wp-json\/wp\/v2\/types\/product"}],"replies":[{"embeddable":true,"href":"https:\/\/divainers.com\/sv\/wp-json\/wp\/v2\/comments?post=419"}],"wp:featuredmedia":[{"embeddable":true,"href":"https:\/\/divainers.com\/sv\/wp-json\/wp\/v2\/media\/3484"}],"wp:attachment":[{"href":"https:\/\/divainers.com\/sv\/wp-json\/wp\/v2\/media?parent=419"}],"wp:term":[{"taxonomy":"product_brand","embeddable":true,"href":"https:\/\/divainers.com\/sv\/wp-json\/wp\/v2\/product_brand?post=419"},{"taxonomy":"product_cat","embeddable":true,"href":"https:\/\/divainers.com\/sv\/wp-json\/wp\/v2\/product_cat?post=419"},{"taxonomy":"product_tag","embeddable":true,"href":"https:\/\/divainers.com\/sv\/wp-json\/wp\/v2\/product_tag?post=419"}],"curies":[{"name":"wp","href":"https:\/\/api.w.org\/{rel}","templated":true}]}}