{"id":506,"date":"2025-01-31T08:32:12","date_gmt":"2025-01-31T07:32:12","guid":{"rendered":"https:\/\/divainers.com\/producto\/divain-048\/"},"modified":"2026-03-16T16:07:28","modified_gmt":"2026-03-16T15:07:28","slug":"divain-048","status":"publish","type":"product","link":"https:\/\/divainers.com\/sv\/producto\/divain-048\/","title":{"rendered":"divain.048"},"content":{"rendered":"<p>Un aroma audaz y distintivo que fusiona frescura y calidez en una composici\u00f3n inolvidable. Su apertura vibrante de mandarina y lavanda aporta un toque c\u00edtrico y arom\u00e1tico, mientras un coraz\u00f3n especiado de nuez moscada y hojas de violeta introduce una faceta sofisticada y envolvente. En el fondo, el cuero, el vetiver y el \u00e1mbar crean una estela intensa y magn\u00e9tica, perfecta para el hombre con car\u00e1cter, seguro de s\u00ed mismo y con una personalidad inconfundible.<\/p>\n","protected":false},"excerpt":{"rendered":"<p>Recuerda a Fahrenheit de Dior<\/p>\n","protected":false},"featured_media":3353,"comment_status":"open","ping_status":"closed","template":"","meta":[],"product_brand":[],"product_cat":[2396],"product_tag":[1343],"class_list":{"0":"post-506","1":"product","2":"type-product","3":"status-publish","4":"has-post-thumbnail","6":"product_cat-dior","7":"product_tag-hommes","9":"first","10":"instock","11":"shipping-taxable","12":"product-type-simple"},"_links":{"self":[{"href":"https:\/\/divainers.com\/sv\/wp-json\/wp\/v2\/product\/506","targetHints":{"allow":["GET"]}}],"collection":[{"href":"https:\/\/divainers.com\/sv\/wp-json\/wp\/v2\/product"}],"about":[{"href":"https:\/\/divainers.com\/sv\/wp-json\/wp\/v2\/types\/product"}],"replies":[{"embeddable":true,"href":"https:\/\/divainers.com\/sv\/wp-json\/wp\/v2\/comments?post=506"}],"wp:featuredmedia":[{"embeddable":true,"href":"https:\/\/divainers.com\/sv\/wp-json\/wp\/v2\/media\/3353"}],"wp:attachment":[{"href":"https:\/\/divainers.com\/sv\/wp-json\/wp\/v2\/media?parent=506"}],"wp:term":[{"taxonomy":"product_brand","embeddable":true,"href":"https:\/\/divainers.com\/sv\/wp-json\/wp\/v2\/product_brand?post=506"},{"taxonomy":"product_cat","embeddable":true,"href":"https:\/\/divainers.com\/sv\/wp-json\/wp\/v2\/product_cat?post=506"},{"taxonomy":"product_tag","embeddable":true,"href":"https:\/\/divainers.com\/sv\/wp-json\/wp\/v2\/product_tag?post=506"}],"curies":[{"name":"wp","href":"https:\/\/api.w.org\/{rel}","templated":true}]}}