{"id":629,"date":"2025-01-31T08:32:26","date_gmt":"2025-01-31T07:32:26","guid":{"rendered":"https:\/\/divainers.com\/producto\/divain-071\/"},"modified":"2026-03-16T16:07:37","modified_gmt":"2026-03-16T15:07:37","slug":"divain-071","status":"publish","type":"product","link":"https:\/\/divainers.com\/sv\/producto\/divain-071\/","title":{"rendered":"divain.071"},"content":{"rendered":"<p>Un aroma sofisticado y cautivador que destila elegancia y misterio en cada nota. Su apertura luminosa de naranja italiana y jazm\u00edn de Sambac aporta un toque c\u00edtrico y floral, fresco y seductor. En el coraz\u00f3n, la miel y la flor de azahar envuelven la fragancia en una dulzura sensual e hipn\u00f3tica. En el fondo, la vainilla, el \u00e1mbar y la madera de s\u00e1ndalo crean una estela c\u00e1lida y envolvente, perfecta para la mujer elegante, magn\u00e9tica y con un aura de irresistible sofisticaci\u00f3n.<\/p>\n","protected":false},"excerpt":{"rendered":"<p>Recuerda a Armani Code for Women de Giorgio Armani<\/p>\n","protected":false},"featured_media":3540,"comment_status":"open","ping_status":"closed","template":"","meta":[],"product_brand":[],"product_cat":[381],"product_tag":[1424],"class_list":{"0":"post-629","1":"product","2":"type-product","3":"status-publish","4":"has-post-thumbnail","6":"product_cat-giorgio-armani","7":"product_tag-femmes","9":"first","10":"instock","11":"shipping-taxable","12":"product-type-simple"},"_links":{"self":[{"href":"https:\/\/divainers.com\/sv\/wp-json\/wp\/v2\/product\/629","targetHints":{"allow":["GET"]}}],"collection":[{"href":"https:\/\/divainers.com\/sv\/wp-json\/wp\/v2\/product"}],"about":[{"href":"https:\/\/divainers.com\/sv\/wp-json\/wp\/v2\/types\/product"}],"replies":[{"embeddable":true,"href":"https:\/\/divainers.com\/sv\/wp-json\/wp\/v2\/comments?post=629"}],"wp:featuredmedia":[{"embeddable":true,"href":"https:\/\/divainers.com\/sv\/wp-json\/wp\/v2\/media\/3540"}],"wp:attachment":[{"href":"https:\/\/divainers.com\/sv\/wp-json\/wp\/v2\/media?parent=629"}],"wp:term":[{"taxonomy":"product_brand","embeddable":true,"href":"https:\/\/divainers.com\/sv\/wp-json\/wp\/v2\/product_brand?post=629"},{"taxonomy":"product_cat","embeddable":true,"href":"https:\/\/divainers.com\/sv\/wp-json\/wp\/v2\/product_cat?post=629"},{"taxonomy":"product_tag","embeddable":true,"href":"https:\/\/divainers.com\/sv\/wp-json\/wp\/v2\/product_tag?post=629"}],"curies":[{"name":"wp","href":"https:\/\/api.w.org\/{rel}","templated":true}]}}