{"id":6945,"date":"2026-03-17T15:43:45","date_gmt":"2026-03-17T14:43:45","guid":{"rendered":"https:\/\/divainers.com\/producto\/divain-1093\/"},"modified":"2026-04-30T09:42:42","modified_gmt":"2026-04-30T07:42:42","slug":"divain-1093","status":"publish","type":"product","link":"https:\/\/divainers.com\/sv\/producto\/divain-1093\/","title":{"rendered":"divain.1093"},"content":{"rendered":"<p>Den framkallar en intensiv och str\u00e5lande kvinnlighet, med en omslutande och f\u00f6rf\u00f6risk karakt\u00e4r som f\u00f6rmedlar kraft och elegans. Det \u00e4r en sofistikerad och beroendeframkallande doft, perfekt f\u00f6r dem som s\u00f6ker en i\u00f6gonfallande, sensuell och n\u00e4rvarande arom.<\/p>\n","protected":false},"excerpt":{"rendered":"<p>P\u00e5minner om Gaultier Divine Elixir de Jean Paul Gaultier<\/p>\n","protected":false},"featured_media":6854,"comment_status":"open","ping_status":"closed","template":"","meta":[],"product_brand":[],"product_cat":[1309],"product_tag":[1439],"class_list":{"0":"post-6945","1":"product","2":"type-product","3":"status-publish","4":"has-post-thumbnail","6":"product_cat-jean-paul-gaultier","7":"product_tag-kvinnor","9":"first","10":"instock","11":"shipping-taxable","12":"product-type-simple"},"_links":{"self":[{"href":"https:\/\/divainers.com\/sv\/wp-json\/wp\/v2\/product\/6945","targetHints":{"allow":["GET"]}}],"collection":[{"href":"https:\/\/divainers.com\/sv\/wp-json\/wp\/v2\/product"}],"about":[{"href":"https:\/\/divainers.com\/sv\/wp-json\/wp\/v2\/types\/product"}],"replies":[{"embeddable":true,"href":"https:\/\/divainers.com\/sv\/wp-json\/wp\/v2\/comments?post=6945"}],"wp:featuredmedia":[{"embeddable":true,"href":"https:\/\/divainers.com\/sv\/wp-json\/wp\/v2\/media\/6854"}],"wp:attachment":[{"href":"https:\/\/divainers.com\/sv\/wp-json\/wp\/v2\/media?parent=6945"}],"wp:term":[{"taxonomy":"product_brand","embeddable":true,"href":"https:\/\/divainers.com\/sv\/wp-json\/wp\/v2\/product_brand?post=6945"},{"taxonomy":"product_cat","embeddable":true,"href":"https:\/\/divainers.com\/sv\/wp-json\/wp\/v2\/product_cat?post=6945"},{"taxonomy":"product_tag","embeddable":true,"href":"https:\/\/divainers.com\/sv\/wp-json\/wp\/v2\/product_tag?post=6945"}],"curies":[{"name":"wp","href":"https:\/\/api.w.org\/{rel}","templated":true}]}}