{"id":7028,"date":"2025-01-31T08:31:48","date_gmt":"2025-01-31T07:31:48","guid":{"rendered":"https:\/\/divainers.com\/producto\/divain-205\/"},"modified":"2026-03-26T14:15:50","modified_gmt":"2026-03-26T13:15:50","slug":"divain-205","status":"publish","type":"product","link":"https:\/\/divainers.com\/sv\/producto\/divain-205\/","title":{"rendered":"divain.205"},"content":{"rendered":"<p><span data-sheets-root=\"1\">En livfull och magnetisk doft som utstr\u00e5lar sj\u00e4lvf\u00f6rtroende och ungdom med varje not. Dess fr\u00e4scha och stimulerande \u00f6ppning blandar citron, apelsin och kardemumma, vilket skapar en citrusaktig explosion full av energi. I hj\u00e4rtat ger lavendel och rosmarin en ren och maskulin aromatisk touch, medan den tr\u00e4iga basen av mysk, vetiver och ekmossa tillf\u00f6r djup och sensualitet. Perfekt f\u00f6r dem som s\u00f6ker en fr\u00e4sch, dj\u00e4rv och f\u00f6rf\u00f6risk doft, perfekt f\u00f6r vardagsbruk eller f\u00f6r att l\u00e4mna ett of\u00f6rgl\u00f6mligt intryck.   <\/span><\/p>\n","protected":false},"excerpt":{"rendered":"<p>Minns Fierce fr\u00e5n Abercrombie &amp; Fitch<\/p>\n","protected":false},"featured_media":3374,"comment_status":"open","ping_status":"closed","template":"","meta":[],"product_brand":[],"product_cat":[1331],"product_tag":[1365],"class_list":{"0":"post-7028","1":"product","2":"type-product","3":"status-publish","4":"has-post-thumbnail","6":"product_cat-abercrombie-fitch","7":"product_tag-uomo","9":"first","10":"instock","11":"shipping-taxable","12":"product-type-simple"},"_links":{"self":[{"href":"https:\/\/divainers.com\/sv\/wp-json\/wp\/v2\/product\/7028","targetHints":{"allow":["GET"]}}],"collection":[{"href":"https:\/\/divainers.com\/sv\/wp-json\/wp\/v2\/product"}],"about":[{"href":"https:\/\/divainers.com\/sv\/wp-json\/wp\/v2\/types\/product"}],"replies":[{"embeddable":true,"href":"https:\/\/divainers.com\/sv\/wp-json\/wp\/v2\/comments?post=7028"}],"wp:featuredmedia":[{"embeddable":true,"href":"https:\/\/divainers.com\/sv\/wp-json\/wp\/v2\/media\/3374"}],"wp:attachment":[{"href":"https:\/\/divainers.com\/sv\/wp-json\/wp\/v2\/media?parent=7028"}],"wp:term":[{"taxonomy":"product_brand","embeddable":true,"href":"https:\/\/divainers.com\/sv\/wp-json\/wp\/v2\/product_brand?post=7028"},{"taxonomy":"product_cat","embeddable":true,"href":"https:\/\/divainers.com\/sv\/wp-json\/wp\/v2\/product_cat?post=7028"},{"taxonomy":"product_tag","embeddable":true,"href":"https:\/\/divainers.com\/sv\/wp-json\/wp\/v2\/product_tag?post=7028"}],"curies":[{"name":"wp","href":"https:\/\/api.w.org\/{rel}","templated":true}]}}