{"id":7055,"date":"2025-01-31T08:31:49","date_gmt":"2025-01-31T07:31:49","guid":{"rendered":"https:\/\/divainers.com\/producto\/divain-443\/"},"modified":"2026-04-30T09:43:10","modified_gmt":"2026-04-30T07:43:10","slug":"divain-443","status":"publish","type":"product","link":"https:\/\/divainers.com\/sv\/producto\/divain-443\/","title":{"rendered":"divain.443"},"content":{"rendered":"<p>En frisk och ljus doft som f\u00f6r dig till Medelhavets bris, d\u00e4r solen smeker huden och havet viskar vid horisonten. Fr\u00e5n f\u00f6rsta stund v\u00e4cker myrtans vitalitet och den sprudlande italienska citrusen sinnena med en str\u00e5lande energi. I hj\u00e4rtat tillf\u00f6r enb\u00e4r och blommiga noter en aromatisk och f\u00f6rfinad touch som framkallar naturen i sin fulla prakt. Slutligen l\u00e4mnar en b\u00e4rnstens- och myskbas ett mjukt, omslutande och elegant sp\u00e5r. En uppfriskande och sofistikerad parfym, idealisk f\u00f6r den som s\u00f6ker friskhet, lugn och en k\u00e4nsla av medelhavets flykt.<\/p>\n","protected":false},"excerpt":{"rendered":"<p>P\u00e5minner om Blue Mediterraneo Mirto di Panarea fr\u00e5n Acqua Di Parma<\/p>\n","protected":false},"featured_media":7056,"comment_status":"open","ping_status":"closed","template":"","meta":[],"product_brand":[],"product_cat":[1414],"product_tag":[1415],"class_list":{"0":"post-7055","1":"product","2":"type-product","3":"status-publish","4":"has-post-thumbnail","6":"product_cat-acqua-di-parma","7":"product_tag-unisex","9":"first","10":"instock","11":"shipping-taxable","12":"product-type-simple"},"_links":{"self":[{"href":"https:\/\/divainers.com\/sv\/wp-json\/wp\/v2\/product\/7055","targetHints":{"allow":["GET"]}}],"collection":[{"href":"https:\/\/divainers.com\/sv\/wp-json\/wp\/v2\/product"}],"about":[{"href":"https:\/\/divainers.com\/sv\/wp-json\/wp\/v2\/types\/product"}],"replies":[{"embeddable":true,"href":"https:\/\/divainers.com\/sv\/wp-json\/wp\/v2\/comments?post=7055"}],"wp:featuredmedia":[{"embeddable":true,"href":"https:\/\/divainers.com\/sv\/wp-json\/wp\/v2\/media\/7056"}],"wp:attachment":[{"href":"https:\/\/divainers.com\/sv\/wp-json\/wp\/v2\/media?parent=7055"}],"wp:term":[{"taxonomy":"product_brand","embeddable":true,"href":"https:\/\/divainers.com\/sv\/wp-json\/wp\/v2\/product_brand?post=7055"},{"taxonomy":"product_cat","embeddable":true,"href":"https:\/\/divainers.com\/sv\/wp-json\/wp\/v2\/product_cat?post=7055"},{"taxonomy":"product_tag","embeddable":true,"href":"https:\/\/divainers.com\/sv\/wp-json\/wp\/v2\/product_tag?post=7055"}],"curies":[{"name":"wp","href":"https:\/\/api.w.org\/{rel}","templated":true}]}}