{"id":7058,"date":"2025-01-31T08:31:49","date_gmt":"2025-01-31T07:31:49","guid":{"rendered":"https:\/\/divainers.com\/producto\/divain-318\/"},"modified":"2026-04-30T09:43:11","modified_gmt":"2026-04-30T07:43:11","slug":"divain-318","status":"publish","type":"product","link":"https:\/\/divainers.com\/sv\/producto\/divain-318\/","title":{"rendered":"Divain.318"},"content":{"rendered":"<p>En intensiv och sofistikerad doft som kombinerar oudens djup med elegansen hos italienska citrusfrukter. Dess fr\u00e4scha och ljusa \u00f6ppning \u00f6verg\u00e5r i ett kryddigt, tr\u00e4igt hj\u00e4rta d\u00e4r oud fl\u00e4tas samman med balsamiska och varma toner. Basen \u00e4r rik och omslutande, med inslag av l\u00e4der och hartser som ger en k\u00e4nsla av f\u00f6rfinad lyx. Perfekt f\u00f6r den som s\u00f6ker en distinkt doft med karakt\u00e4r och sofistikation.<\/p>\n","protected":false},"excerpt":{"rendered":"<p>P\u00e5minner om Oud Eau de Cologne Concentr\u00e9e de Acqua di Parma<\/p>\n","protected":false},"featured_media":7059,"comment_status":"open","ping_status":"closed","template":"","meta":[],"product_brand":[],"product_cat":[1374],"product_tag":[1357],"class_list":{"0":"post-7058","1":"product","2":"type-product","3":"status-publish","4":"has-post-thumbnail","6":"product_cat-acqua-di-parma","7":"product_tag-1357","9":"first","10":"instock","11":"shipping-taxable","12":"product-type-simple"},"_links":{"self":[{"href":"https:\/\/divainers.com\/sv\/wp-json\/wp\/v2\/product\/7058","targetHints":{"allow":["GET"]}}],"collection":[{"href":"https:\/\/divainers.com\/sv\/wp-json\/wp\/v2\/product"}],"about":[{"href":"https:\/\/divainers.com\/sv\/wp-json\/wp\/v2\/types\/product"}],"replies":[{"embeddable":true,"href":"https:\/\/divainers.com\/sv\/wp-json\/wp\/v2\/comments?post=7058"}],"wp:featuredmedia":[{"embeddable":true,"href":"https:\/\/divainers.com\/sv\/wp-json\/wp\/v2\/media\/7059"}],"wp:attachment":[{"href":"https:\/\/divainers.com\/sv\/wp-json\/wp\/v2\/media?parent=7058"}],"wp:term":[{"taxonomy":"product_brand","embeddable":true,"href":"https:\/\/divainers.com\/sv\/wp-json\/wp\/v2\/product_brand?post=7058"},{"taxonomy":"product_cat","embeddable":true,"href":"https:\/\/divainers.com\/sv\/wp-json\/wp\/v2\/product_cat?post=7058"},{"taxonomy":"product_tag","embeddable":true,"href":"https:\/\/divainers.com\/sv\/wp-json\/wp\/v2\/product_tag?post=7058"}],"curies":[{"name":"wp","href":"https:\/\/api.w.org\/{rel}","templated":true}]}}