{"id":7060,"date":"2025-01-31T08:31:49","date_gmt":"2025-01-31T07:31:49","guid":{"rendered":"https:\/\/divainers.com\/producto\/divain-281\/"},"modified":"2026-04-30T09:43:12","modified_gmt":"2026-04-30T07:43:12","slug":"divain-281","status":"publish","type":"product","link":"https:\/\/divainers.com\/sv\/producto\/divain-281\/","title":{"rendered":"divain.281"},"content":{"rendered":"<p>Det \u00e4r en djup och sofistikerad doft som utm\u00e4rker sig genom sin intensiva n\u00e4rvaro av oud, en v\u00e4rdefull harts k\u00e4nd f\u00f6r sin varma, jordiga och tr\u00e4iga arom. Doften \u00f6ppnar med fr\u00e4scha och kryddiga toner, kompletterade av oudens starka karakt\u00e4r, som fl\u00e4tas samman med en touch av ros och saffransblomma i hj\u00e4rtat. I basen finns noter av l\u00e4der, cedertr\u00e4 och mysk, vilket ger en varm och omslutande grund. Det \u00e4r en parfym som f\u00f6r tankarna till lyx, elegans och exklusivitet, perfekt f\u00f6r speciella tillf\u00e4llen och f\u00f6r dem som s\u00f6ker en distinkt och l\u00e5ngvarig doft.<\/p>\n","protected":false},"excerpt":{"rendered":"<p>P\u00e5minner om Oud fr\u00e5n Acqua di Parma<\/p>\n","protected":false},"featured_media":7061,"comment_status":"open","ping_status":"closed","template":"","meta":[],"product_brand":[],"product_cat":[1374],"product_tag":[1362],"class_list":{"0":"post-7060","1":"product","2":"type-product","3":"status-publish","4":"has-post-thumbnail","6":"product_cat-acqua-di-parma","7":"product_tag-man","9":"first","10":"instock","11":"shipping-taxable","12":"product-type-simple"},"_links":{"self":[{"href":"https:\/\/divainers.com\/sv\/wp-json\/wp\/v2\/product\/7060","targetHints":{"allow":["GET"]}}],"collection":[{"href":"https:\/\/divainers.com\/sv\/wp-json\/wp\/v2\/product"}],"about":[{"href":"https:\/\/divainers.com\/sv\/wp-json\/wp\/v2\/types\/product"}],"replies":[{"embeddable":true,"href":"https:\/\/divainers.com\/sv\/wp-json\/wp\/v2\/comments?post=7060"}],"wp:featuredmedia":[{"embeddable":true,"href":"https:\/\/divainers.com\/sv\/wp-json\/wp\/v2\/media\/7061"}],"wp:attachment":[{"href":"https:\/\/divainers.com\/sv\/wp-json\/wp\/v2\/media?parent=7060"}],"wp:term":[{"taxonomy":"product_brand","embeddable":true,"href":"https:\/\/divainers.com\/sv\/wp-json\/wp\/v2\/product_brand?post=7060"},{"taxonomy":"product_cat","embeddable":true,"href":"https:\/\/divainers.com\/sv\/wp-json\/wp\/v2\/product_cat?post=7060"},{"taxonomy":"product_tag","embeddable":true,"href":"https:\/\/divainers.com\/sv\/wp-json\/wp\/v2\/product_tag?post=7060"}],"curies":[{"name":"wp","href":"https:\/\/api.w.org\/{rel}","templated":true}]}}