{"id":7330,"date":"2025-01-31T08:31:50","date_gmt":"2025-01-31T07:31:50","guid":{"rendered":"https:\/\/divainers.com\/producto\/divain-086\/"},"modified":"2026-04-30T09:44:42","modified_gmt":"2026-04-30T07:44:42","slug":"divain-086","status":"publish","type":"product","link":"https:\/\/divainers.com\/sv\/producto\/divain-086\/","title":{"rendered":"divain.086"},"content":{"rendered":"<p>En delikat och tidl\u00f6s doft som f\u00e5ngar rosornas friskhet och naturliga elegans i sin fulla prakt. Den ljusa \u00f6ppningen med citrus och gr\u00f6na blad ger en uppfriskande och l\u00e4tt k\u00e4nsla. I hj\u00e4rtat omsluter bulgarisk ros och liljekonvalj doften med ren och sofistikerad kvinnlighet. I basen skapar mysk och sandeltr\u00e4 en mjuk och omslutande doftsp\u00e5r, perfekt f\u00f6r den romantiska, lugna kvinnan med en naturlig charm som l\u00e4mnar ett best\u00e5ende intryck.<\/p>\n","protected":false},"excerpt":{"rendered":"<p>P\u00e5minner om Agua fresca de rosas de Adolfo Dominguez<\/p>\n","protected":false},"featured_media":7332,"comment_status":"open","ping_status":"closed","template":"","meta":[],"product_brand":[],"product_cat":[1437],"product_tag":[1439],"class_list":{"0":"post-7330","1":"product","2":"type-product","3":"status-publish","4":"has-post-thumbnail","6":"product_cat-adolfo-dominguez","7":"product_tag-kvinnor","9":"first","10":"instock","11":"shipping-taxable","12":"product-type-simple"},"_links":{"self":[{"href":"https:\/\/divainers.com\/sv\/wp-json\/wp\/v2\/product\/7330","targetHints":{"allow":["GET"]}}],"collection":[{"href":"https:\/\/divainers.com\/sv\/wp-json\/wp\/v2\/product"}],"about":[{"href":"https:\/\/divainers.com\/sv\/wp-json\/wp\/v2\/types\/product"}],"replies":[{"embeddable":true,"href":"https:\/\/divainers.com\/sv\/wp-json\/wp\/v2\/comments?post=7330"}],"wp:featuredmedia":[{"embeddable":true,"href":"https:\/\/divainers.com\/sv\/wp-json\/wp\/v2\/media\/7332"}],"wp:attachment":[{"href":"https:\/\/divainers.com\/sv\/wp-json\/wp\/v2\/media?parent=7330"}],"wp:term":[{"taxonomy":"product_brand","embeddable":true,"href":"https:\/\/divainers.com\/sv\/wp-json\/wp\/v2\/product_brand?post=7330"},{"taxonomy":"product_cat","embeddable":true,"href":"https:\/\/divainers.com\/sv\/wp-json\/wp\/v2\/product_cat?post=7330"},{"taxonomy":"product_tag","embeddable":true,"href":"https:\/\/divainers.com\/sv\/wp-json\/wp\/v2\/product_tag?post=7330"}],"curies":[{"name":"wp","href":"https:\/\/api.w.org\/{rel}","templated":true}]}}