{"id":7337,"date":"2025-01-31T08:31:50","date_gmt":"2025-01-31T07:31:50","guid":{"rendered":"https:\/\/divainers.com\/producto\/divain-031\/"},"modified":"2026-04-30T09:44:43","modified_gmt":"2026-04-30T07:44:43","slug":"divain-031","status":"publish","type":"product","link":"https:\/\/divainers.com\/sv\/producto\/divain-031\/","title":{"rendered":"divain.031"},"content":{"rendered":"<p>En naturlig och uppfriskande doft som v\u00e4cker naturens friskhet i sin renaste form. De citrusaktiga toppnoterna av bergamott och mandarin kombineras med ett aromatiskt hj\u00e4rta av rosmarin, lavendel och koriander, vilket skapar en ren och energigivande k\u00e4nsla. I basen tillf\u00f6r ekmossa, vetiver och sandeltr\u00e4 djup och elegans, och l\u00e4mnar ett l\u00e4tt men sofistikerat sp\u00e5r. Perfekt f\u00f6r den som s\u00f6ker en frisk, balanserad och tidl\u00f6s doft.<\/p>\n","protected":false},"excerpt":{"rendered":"<p>P\u00e5minner om Agua Fresca fr\u00e5n Adolfo Dominguez<\/p>\n","protected":false},"featured_media":7340,"comment_status":"open","ping_status":"closed","template":"","meta":[],"product_brand":[],"product_cat":[1437],"product_tag":[1362],"class_list":{"0":"post-7337","1":"product","2":"type-product","3":"status-publish","4":"has-post-thumbnail","6":"product_cat-adolfo-dominguez","7":"product_tag-man","9":"first","10":"instock","11":"shipping-taxable","12":"product-type-simple"},"_links":{"self":[{"href":"https:\/\/divainers.com\/sv\/wp-json\/wp\/v2\/product\/7337","targetHints":{"allow":["GET"]}}],"collection":[{"href":"https:\/\/divainers.com\/sv\/wp-json\/wp\/v2\/product"}],"about":[{"href":"https:\/\/divainers.com\/sv\/wp-json\/wp\/v2\/types\/product"}],"replies":[{"embeddable":true,"href":"https:\/\/divainers.com\/sv\/wp-json\/wp\/v2\/comments?post=7337"}],"wp:featuredmedia":[{"embeddable":true,"href":"https:\/\/divainers.com\/sv\/wp-json\/wp\/v2\/media\/7340"}],"wp:attachment":[{"href":"https:\/\/divainers.com\/sv\/wp-json\/wp\/v2\/media?parent=7337"}],"wp:term":[{"taxonomy":"product_brand","embeddable":true,"href":"https:\/\/divainers.com\/sv\/wp-json\/wp\/v2\/product_brand?post=7337"},{"taxonomy":"product_cat","embeddable":true,"href":"https:\/\/divainers.com\/sv\/wp-json\/wp\/v2\/product_cat?post=7337"},{"taxonomy":"product_tag","embeddable":true,"href":"https:\/\/divainers.com\/sv\/wp-json\/wp\/v2\/product_tag?post=7337"}],"curies":[{"name":"wp","href":"https:\/\/api.w.org\/{rel}","templated":true}]}}