{"id":741,"date":"2025-01-31T08:32:41","date_gmt":"2025-01-31T07:32:41","guid":{"rendered":"https:\/\/divainers.com\/producto\/divain-251\/"},"modified":"2026-04-30T15:59:25","modified_gmt":"2026-04-30T13:59:25","slug":"divain-251","status":"publish","type":"product","link":"https:\/\/divainers.com\/sv\/producto\/divain-251\/","title":{"rendered":"divain.251"},"content":{"rendered":"<p>Svje\u017ei, energi\u010dni i duboko mu\u017eevan miris koji spaja nje\u017enost citrusnih nota s toplinom drvenaste baze. U otvaranju, vibrantan eksplozija limuna i bergamota obavija osjetila, dok srce od kokosa i vetivera donosi egzoti\u010dnu i sofisticiranu meko\u0107u. Bazne note, mje\u0161avina sandalovine i tonke, nude toplu i obavijaju\u0107u podlogu koja stvara dugotrajan i o\u010daravaju\u0107i trag. Ovaj miris idealan je za one koji tra\u017ee osvje\u017eavaju\u0107e, ali intenzivno mirisno iskustvo s dozom senzualnosti i elegancije, savr\u0161eno za modernog i hrabrog mu\u0161karca.<\/p>\n","protected":false},"excerpt":{"rendered":"<p>Podsje\u0107a na Le Beau od Jean Paul Gaultier<\/p>\n","protected":false},"featured_media":15301,"comment_status":"open","ping_status":"closed","template":"","meta":[],"product_brand":[],"product_cat":[1302],"product_tag":[1360],"class_list":{"0":"post-741","1":"product","2":"type-product","3":"status-publish","4":"has-post-thumbnail","6":"product_cat-jean-paul-gaultier","7":"product_tag-muskarci","9":"first","10":"instock","11":"shipping-taxable","12":"product-type-simple"},"_links":{"self":[{"href":"https:\/\/divainers.com\/sv\/wp-json\/wp\/v2\/product\/741","targetHints":{"allow":["GET"]}}],"collection":[{"href":"https:\/\/divainers.com\/sv\/wp-json\/wp\/v2\/product"}],"about":[{"href":"https:\/\/divainers.com\/sv\/wp-json\/wp\/v2\/types\/product"}],"replies":[{"embeddable":true,"href":"https:\/\/divainers.com\/sv\/wp-json\/wp\/v2\/comments?post=741"}],"wp:featuredmedia":[{"embeddable":true,"href":"https:\/\/divainers.com\/sv\/wp-json\/wp\/v2\/media\/15301"}],"wp:attachment":[{"href":"https:\/\/divainers.com\/sv\/wp-json\/wp\/v2\/media?parent=741"}],"wp:term":[{"taxonomy":"product_brand","embeddable":true,"href":"https:\/\/divainers.com\/sv\/wp-json\/wp\/v2\/product_brand?post=741"},{"taxonomy":"product_cat","embeddable":true,"href":"https:\/\/divainers.com\/sv\/wp-json\/wp\/v2\/product_cat?post=741"},{"taxonomy":"product_tag","embeddable":true,"href":"https:\/\/divainers.com\/sv\/wp-json\/wp\/v2\/product_tag?post=741"}],"curies":[{"name":"wp","href":"https:\/\/api.w.org\/{rel}","templated":true}]}}