{"id":7657,"date":"2025-01-31T08:32:01","date_gmt":"2025-01-31T07:32:01","guid":{"rendered":"https:\/\/divainers.com\/producto\/divain-003\/"},"modified":"2026-04-30T09:47:15","modified_gmt":"2026-04-30T07:47:15","slug":"divain-003","status":"publish","type":"product","link":"https:\/\/divainers.com\/sv\/producto\/divain-003\/","title":{"rendered":"divain.003"},"content":{"rendered":"<p>F\u00f6rest\u00e4ll dig en sensorisk resa d\u00e4r tidl\u00f6s elegans m\u00f6ter \u00e4ventyr. Denna doft kombinerar l\u00e4der och vaniljs v\u00e4rme med den kryddiga magnetismen fr\u00e5n saffran och muskot. En touch av friska citrusfrukter fl\u00e4tas samman med ett hj\u00e4rta av \u00e4dla tr\u00e4slag och en omslutande bas av amber och vetiver, vilket skapar en sofistikerad, maskulin och f\u00f6rf\u00f6risk doft. Perfekt f\u00f6r dem som s\u00f6ker distinktion och karakt\u00e4r i varje essens.<\/p>\n","protected":false},"excerpt":{"rendered":"<p>P\u00e5minner om CH Men fr\u00e5n Carolina Herrera<\/p>\n","protected":false},"featured_media":7656,"comment_status":"open","ping_status":"closed","template":"","meta":[],"product_brand":[],"product_cat":[1544],"product_tag":[1362],"class_list":{"0":"post-7657","1":"product","2":"type-product","3":"status-publish","4":"has-post-thumbnail","6":"product_cat-carolina-herrera","7":"product_tag-man","9":"first","10":"instock","11":"shipping-taxable","12":"product-type-simple"},"_links":{"self":[{"href":"https:\/\/divainers.com\/sv\/wp-json\/wp\/v2\/product\/7657","targetHints":{"allow":["GET"]}}],"collection":[{"href":"https:\/\/divainers.com\/sv\/wp-json\/wp\/v2\/product"}],"about":[{"href":"https:\/\/divainers.com\/sv\/wp-json\/wp\/v2\/types\/product"}],"replies":[{"embeddable":true,"href":"https:\/\/divainers.com\/sv\/wp-json\/wp\/v2\/comments?post=7657"}],"wp:featuredmedia":[{"embeddable":true,"href":"https:\/\/divainers.com\/sv\/wp-json\/wp\/v2\/media\/7656"}],"wp:attachment":[{"href":"https:\/\/divainers.com\/sv\/wp-json\/wp\/v2\/media?parent=7657"}],"wp:term":[{"taxonomy":"product_brand","embeddable":true,"href":"https:\/\/divainers.com\/sv\/wp-json\/wp\/v2\/product_brand?post=7657"},{"taxonomy":"product_cat","embeddable":true,"href":"https:\/\/divainers.com\/sv\/wp-json\/wp\/v2\/product_cat?post=7657"},{"taxonomy":"product_tag","embeddable":true,"href":"https:\/\/divainers.com\/sv\/wp-json\/wp\/v2\/product_tag?post=7657"}],"curies":[{"name":"wp","href":"https:\/\/api.w.org\/{rel}","templated":true}]}}