{"id":7697,"date":"2025-01-31T08:32:01","date_gmt":"2025-01-31T07:32:01","guid":{"rendered":"https:\/\/divainers.com\/producto\/divain-004\/"},"modified":"2026-04-30T09:47:24","modified_gmt":"2026-04-30T07:47:24","slug":"divain-004","status":"publish","type":"product","link":"https:\/\/divainers.com\/sv\/producto\/divain-004\/","title":{"rendered":"divain.004"},"content":{"rendered":"<p>En explosion av friskhet och dynamik som v\u00e4cker stadens vibrerande energi till liv. Denna doft kombinerar uppfriskande citrusnoter med ett kryddigt hj\u00e4rta av peppar och ingef\u00e4ra, vilket skapar en sofistikerad och modern kontrast. Dess tr\u00e4iga bas med inslag av mysk och sandeltr\u00e4 tillf\u00f6r djup och magnetism, och l\u00e4mnar ett elegant och f\u00f6rf\u00f6riskt sp\u00e5r. Perfekt f\u00f6r den kosmopolitiska mannen, sj\u00e4lvs\u00e4ker och med en omissk\u00e4nnlig stil.<\/p>\n","protected":false},"excerpt":{"rendered":"<p>P\u00e5minner om 212 Men fr\u00e5n Carolina Herrera<\/p>\n","protected":false},"featured_media":7696,"comment_status":"open","ping_status":"closed","template":"","meta":[],"product_brand":[],"product_cat":[1528],"product_tag":[1358],"class_list":{"0":"post-7697","1":"product","2":"type-product","3":"status-publish","4":"has-post-thumbnail","6":"product_cat-carolina-herrera","7":"product_tag-mannen","9":"first","10":"instock","11":"shipping-taxable","12":"product-type-simple"},"_links":{"self":[{"href":"https:\/\/divainers.com\/sv\/wp-json\/wp\/v2\/product\/7697","targetHints":{"allow":["GET"]}}],"collection":[{"href":"https:\/\/divainers.com\/sv\/wp-json\/wp\/v2\/product"}],"about":[{"href":"https:\/\/divainers.com\/sv\/wp-json\/wp\/v2\/types\/product"}],"replies":[{"embeddable":true,"href":"https:\/\/divainers.com\/sv\/wp-json\/wp\/v2\/comments?post=7697"}],"wp:featuredmedia":[{"embeddable":true,"href":"https:\/\/divainers.com\/sv\/wp-json\/wp\/v2\/media\/7696"}],"wp:attachment":[{"href":"https:\/\/divainers.com\/sv\/wp-json\/wp\/v2\/media?parent=7697"}],"wp:term":[{"taxonomy":"product_brand","embeddable":true,"href":"https:\/\/divainers.com\/sv\/wp-json\/wp\/v2\/product_brand?post=7697"},{"taxonomy":"product_cat","embeddable":true,"href":"https:\/\/divainers.com\/sv\/wp-json\/wp\/v2\/product_cat?post=7697"},{"taxonomy":"product_tag","embeddable":true,"href":"https:\/\/divainers.com\/sv\/wp-json\/wp\/v2\/product_tag?post=7697"}],"curies":[{"name":"wp","href":"https:\/\/api.w.org\/{rel}","templated":true}]}}