{"id":772,"date":"2025-01-31T08:32:44","date_gmt":"2025-01-31T07:32:44","guid":{"rendered":"https:\/\/divainers.com\/producto\/divain-620\/"},"modified":"2026-03-16T16:07:49","modified_gmt":"2026-03-16T15:07:49","slug":"divain-620","status":"publish","type":"product","link":"https:\/\/divainers.com\/sv\/producto\/divain-620\/","title":{"rendered":"divain.620"},"content":{"rendered":"<p class=\"\" data-start=\"0\" data-end=\"508\">Un aroma fresco, afrutado y delicadamente floral que evoca la sensaci\u00f3n de una tarde en el campo, rodeado de frescura natural. Desde la apertura, las notas frescas y jugosas de grosella espinosa se combinan con la suavidad floral de la flor de sa\u00faco, creando una sensaci\u00f3n ligera, vibrante y revitalizante. En su coraz\u00f3n, la flor de sa\u00faco se realza con un toque suave de c\u00edtricos, mientras que el fondo de almizcle y madera proporciona una base suave y sutil que envuelve la fragancia en un toque de calidez.<\/p>\n<p class=\"\" data-start=\"510\" data-end=\"710\">Un perfume ideal para quienes buscan una fragancia afrutada, fresca y floral, perfecta para los d\u00edas soleados o momentos de calma y frescura, dejando una estela ligera, pero refrescante y encantadora.<\/p>\n","protected":false},"excerpt":{"rendered":"<p>Recuerda a Elderflower &amp; Gooseberry de Jo Malone<\/p>\n","protected":false},"featured_media":3006,"comment_status":"open","ping_status":"closed","template":"","meta":[],"product_brand":[],"product_cat":[520],"product_tag":[1442],"class_list":{"0":"post-772","1":"product","2":"type-product","3":"status-publish","4":"has-post-thumbnail","6":"product_cat-jo-malone","7":"product_tag-kobiety","9":"first","10":"instock","11":"shipping-taxable","12":"product-type-simple"},"_links":{"self":[{"href":"https:\/\/divainers.com\/sv\/wp-json\/wp\/v2\/product\/772","targetHints":{"allow":["GET"]}}],"collection":[{"href":"https:\/\/divainers.com\/sv\/wp-json\/wp\/v2\/product"}],"about":[{"href":"https:\/\/divainers.com\/sv\/wp-json\/wp\/v2\/types\/product"}],"replies":[{"embeddable":true,"href":"https:\/\/divainers.com\/sv\/wp-json\/wp\/v2\/comments?post=772"}],"wp:featuredmedia":[{"embeddable":true,"href":"https:\/\/divainers.com\/sv\/wp-json\/wp\/v2\/media\/3006"}],"wp:attachment":[{"href":"https:\/\/divainers.com\/sv\/wp-json\/wp\/v2\/media?parent=772"}],"wp:term":[{"taxonomy":"product_brand","embeddable":true,"href":"https:\/\/divainers.com\/sv\/wp-json\/wp\/v2\/product_brand?post=772"},{"taxonomy":"product_cat","embeddable":true,"href":"https:\/\/divainers.com\/sv\/wp-json\/wp\/v2\/product_cat?post=772"},{"taxonomy":"product_tag","embeddable":true,"href":"https:\/\/divainers.com\/sv\/wp-json\/wp\/v2\/product_tag?post=772"}],"curies":[{"name":"wp","href":"https:\/\/api.w.org\/{rel}","templated":true}]}}