{"id":7870,"date":"2025-01-31T08:31:51","date_gmt":"2025-01-31T07:31:51","guid":{"rendered":"https:\/\/divainers.com\/producto\/divain-153\/"},"modified":"2026-04-30T09:48:18","modified_gmt":"2026-04-30T07:48:18","slug":"divain-153","status":"publish","type":"product","link":"https:\/\/divainers.com\/sv\/producto\/divain-153\/","title":{"rendered":"divain.153"},"content":{"rendered":"<p>En elegant och tidl\u00f6s doft som omsluter sinnena med sin sofistikerade friskhet och delikata kvinnlighet. Den citrusaktiga \u00f6ppningen med bergamott och mandarin ger en ljus och livfull k\u00e4nsla. I hj\u00e4rtat vecklas en f\u00f6rfinad bukett av fresia, liljekonvalj och jasmin ut och sprider en ren och subtilt f\u00f6rf\u00f6risk blomessens. I basen skapar vit mysk, amber och sandeltr\u00e4 en mjuk, varm och omslutande doftsp\u00e5r, perfekt f\u00f6r den sofistikerade, naturliga kvinnan med en diskret men of\u00f6rgl\u00f6mlig charm.<\/p>\n","protected":false},"excerpt":{"rendered":"<p>P\u00e5minner om Angel Schlesser Femme av Angel Schlesser<\/p>\n","protected":false},"featured_media":7864,"comment_status":"open","ping_status":"closed","template":"","meta":[],"product_brand":[],"product_cat":[1592],"product_tag":[1439],"class_list":{"0":"post-7870","1":"product","2":"type-product","3":"status-publish","4":"has-post-thumbnail","6":"product_cat-angel-schlesser","7":"product_tag-kvinnor","9":"first","10":"instock","11":"shipping-taxable","12":"product-type-simple"},"_links":{"self":[{"href":"https:\/\/divainers.com\/sv\/wp-json\/wp\/v2\/product\/7870","targetHints":{"allow":["GET"]}}],"collection":[{"href":"https:\/\/divainers.com\/sv\/wp-json\/wp\/v2\/product"}],"about":[{"href":"https:\/\/divainers.com\/sv\/wp-json\/wp\/v2\/types\/product"}],"replies":[{"embeddable":true,"href":"https:\/\/divainers.com\/sv\/wp-json\/wp\/v2\/comments?post=7870"}],"wp:featuredmedia":[{"embeddable":true,"href":"https:\/\/divainers.com\/sv\/wp-json\/wp\/v2\/media\/7864"}],"wp:attachment":[{"href":"https:\/\/divainers.com\/sv\/wp-json\/wp\/v2\/media?parent=7870"}],"wp:term":[{"taxonomy":"product_brand","embeddable":true,"href":"https:\/\/divainers.com\/sv\/wp-json\/wp\/v2\/product_brand?post=7870"},{"taxonomy":"product_cat","embeddable":true,"href":"https:\/\/divainers.com\/sv\/wp-json\/wp\/v2\/product_cat?post=7870"},{"taxonomy":"product_tag","embeddable":true,"href":"https:\/\/divainers.com\/sv\/wp-json\/wp\/v2\/product_tag?post=7870"}],"curies":[{"name":"wp","href":"https:\/\/api.w.org\/{rel}","templated":true}]}}