{"id":7909,"date":"2025-01-31T08:31:51","date_gmt":"2025-01-31T07:31:51","guid":{"rendered":"https:\/\/divainers.com\/producto\/divain-948\/"},"modified":"2026-04-30T09:48:34","modified_gmt":"2026-04-30T07:48:34","slug":"divain-948","status":"publish","type":"product","link":"https:\/\/divainers.com\/sv\/producto\/divain-948\/","title":{"rendered":"divain.948"},"content":{"rendered":"<p>En mjuk och omslutande doft som v\u00e4cker en k\u00e4nsla av l\u00e4tthet och lugn, som att sv\u00e4va bland molnen en varm dag. Fr\u00e5n b\u00f6rjan ger de fruktiga tonerna av lavendel och p\u00e4ron en friskhet, mjukad av en kr\u00e4mig ton av kokos, som tillf\u00f6r en l\u00e4tt och avslappnande s\u00f6tma. N\u00e4r doften utvecklas tillf\u00f6r de blommiga tonerna av jasmin och liljekonvalj en delikat och feminin elegans, som skapar en eterisk mjukhet som omsluter huden. Basen, pr\u00e4glad av mysk och karamell, ger en varm och tr\u00f6stande grund som sm\u00e4lter samman med de l\u00e4ttare tonerna och l\u00e4mnar ett sp\u00e5r som \u00e4r b\u00e5de omslutande och avslappnande. Denna doft \u00e4r perfekt f\u00f6r dem som s\u00f6ker en mjuk, s\u00f6t och lugn doftupplevelse, idealisk f\u00f6r vardagsbruk, och f\u00f6rmedlar en k\u00e4nsla av lugn och friskhet.<\/p>\n","protected":false},"excerpt":{"rendered":"<p>P\u00e5minner om Cloud av Ariana Grande<\/p>\n","protected":false},"featured_media":7906,"comment_status":"open","ping_status":"closed","template":"","meta":[],"product_brand":[],"product_cat":[1612],"product_tag":[1439],"class_list":{"0":"post-7909","1":"product","2":"type-product","3":"status-publish","4":"has-post-thumbnail","6":"product_cat-ariana-grande","7":"product_tag-kvinnor","9":"first","10":"instock","11":"shipping-taxable","12":"product-type-simple"},"_links":{"self":[{"href":"https:\/\/divainers.com\/sv\/wp-json\/wp\/v2\/product\/7909","targetHints":{"allow":["GET"]}}],"collection":[{"href":"https:\/\/divainers.com\/sv\/wp-json\/wp\/v2\/product"}],"about":[{"href":"https:\/\/divainers.com\/sv\/wp-json\/wp\/v2\/types\/product"}],"replies":[{"embeddable":true,"href":"https:\/\/divainers.com\/sv\/wp-json\/wp\/v2\/comments?post=7909"}],"wp:featuredmedia":[{"embeddable":true,"href":"https:\/\/divainers.com\/sv\/wp-json\/wp\/v2\/media\/7906"}],"wp:attachment":[{"href":"https:\/\/divainers.com\/sv\/wp-json\/wp\/v2\/media?parent=7909"}],"wp:term":[{"taxonomy":"product_brand","embeddable":true,"href":"https:\/\/divainers.com\/sv\/wp-json\/wp\/v2\/product_brand?post=7909"},{"taxonomy":"product_cat","embeddable":true,"href":"https:\/\/divainers.com\/sv\/wp-json\/wp\/v2\/product_cat?post=7909"},{"taxonomy":"product_tag","embeddable":true,"href":"https:\/\/divainers.com\/sv\/wp-json\/wp\/v2\/product_tag?post=7909"}],"curies":[{"name":"wp","href":"https:\/\/api.w.org\/{rel}","templated":true}]}}