{"id":7950,"date":"2025-01-31T08:31:51","date_gmt":"2025-01-31T07:31:51","guid":{"rendered":"https:\/\/divainers.com\/producto\/divain-457\/"},"modified":"2026-04-30T09:48:52","modified_gmt":"2026-04-30T07:48:52","slug":"divain-457","status":"publish","type":"product","link":"https:\/\/divainers.com\/sv\/producto\/divain-457\/","title":{"rendered":"divain.457"},"content":{"rendered":"<p>En dj\u00e4rv och magnetisk doft som utstr\u00e5lar elegans och karakt\u00e4r i varje not. \u00d6ppningen \u00e4r livfull och citrusaktig, med en explosion av citron, ananas och bergamott som v\u00e4cker sinnena med intensiv friskhet. I hj\u00e4rtat tillf\u00f6r bj\u00f6rk och jasmin djup och en sofistikerad r\u00f6kig ton som framkallar en f\u00f6rfinad och sj\u00e4lvs\u00e4ker maskulinitet. Slutligen l\u00e4mnar en omslutande bas av gr\u00e5 amber, mysk och patchouli ett best\u00e5ende, f\u00f6rf\u00f6riskt och kraftfullt sp\u00e5r. En imponerande och sofistikerad parfym, idealisk f\u00f6r dem som s\u00f6ker en intensiv, m\u00e5ngsidig doft med ett omissk\u00e4nnligt n\u00e4rvaro.<\/p>\n","protected":false},"excerpt":{"rendered":"<p>P\u00e5minner om Club de Nuit Intense Man de Armaf<\/p>\n","protected":false},"featured_media":7949,"comment_status":"open","ping_status":"closed","template":"","meta":[],"product_brand":[],"product_cat":[1632],"product_tag":[1362],"class_list":{"0":"post-7950","1":"product","2":"type-product","3":"status-publish","4":"has-post-thumbnail","6":"product_cat-armaf","7":"product_tag-man","9":"first","10":"instock","11":"shipping-taxable","12":"product-type-simple"},"_links":{"self":[{"href":"https:\/\/divainers.com\/sv\/wp-json\/wp\/v2\/product\/7950","targetHints":{"allow":["GET"]}}],"collection":[{"href":"https:\/\/divainers.com\/sv\/wp-json\/wp\/v2\/product"}],"about":[{"href":"https:\/\/divainers.com\/sv\/wp-json\/wp\/v2\/types\/product"}],"replies":[{"embeddable":true,"href":"https:\/\/divainers.com\/sv\/wp-json\/wp\/v2\/comments?post=7950"}],"wp:featuredmedia":[{"embeddable":true,"href":"https:\/\/divainers.com\/sv\/wp-json\/wp\/v2\/media\/7949"}],"wp:attachment":[{"href":"https:\/\/divainers.com\/sv\/wp-json\/wp\/v2\/media?parent=7950"}],"wp:term":[{"taxonomy":"product_brand","embeddable":true,"href":"https:\/\/divainers.com\/sv\/wp-json\/wp\/v2\/product_brand?post=7950"},{"taxonomy":"product_cat","embeddable":true,"href":"https:\/\/divainers.com\/sv\/wp-json\/wp\/v2\/product_cat?post=7950"},{"taxonomy":"product_tag","embeddable":true,"href":"https:\/\/divainers.com\/sv\/wp-json\/wp\/v2\/product_tag?post=7950"}],"curies":[{"name":"wp","href":"https:\/\/api.w.org\/{rel}","templated":true}]}}