{"id":8078,"date":"2025-01-31T08:31:52","date_gmt":"2025-01-31T07:31:52","guid":{"rendered":"https:\/\/divainers.com\/producto\/divain-240\/"},"modified":"2026-04-30T09:49:29","modified_gmt":"2026-04-30T07:49:29","slug":"divain-240","status":"publish","type":"product","link":"https:\/\/divainers.com\/sv\/producto\/divain-240\/","title":{"rendered":"divain.240"},"content":{"rendered":"<p>En livfull och dj\u00e4rv doft, designad f\u00f6r den ut\u00e5triktade och energiska mannen. I \u00f6ppningen en explosion av friskhet och kryddor med toner av citron, ingef\u00e4ra och mynta som v\u00e4cker sinnena och tillf\u00f6r dynamik. Doftens hj\u00e4rta fylls med en varm och aromatisk touch tack vare lavendel, kombinerad med kanel och kardemumma, vilket skapar en balans mellan mjukhet och intensitet. I basen omsluter tr\u00e4iga och balsamiska toner av tonkab\u00f6na, sandeltr\u00e4 och l\u00e4der huden med en doft av sofistikering och sensualitet. Perfekt f\u00f6r speciella tillf\u00e4llen, denna doft \u00e4r en spegling av mod och sj\u00e4lvf\u00f6rtroende, idealisk f\u00f6r dem som vill sticka ut med en of\u00f6rgl\u00f6mlig n\u00e4rvaro.<\/p>\n","protected":false},"excerpt":{"rendered":"<p>P\u00e5minner om Azzaro Wanted fr\u00e5n Azzaro<\/p>\n","protected":false},"featured_media":8075,"comment_status":"open","ping_status":"closed","template":"","meta":[],"product_brand":[],"product_cat":[1678],"product_tag":[1341],"class_list":{"0":"post-8078","1":"product","2":"type-product","3":"status-publish","4":"has-post-thumbnail","6":"product_cat-azzaro","7":"product_tag-muzi","9":"first","10":"instock","11":"shipping-taxable","12":"product-type-simple"},"_links":{"self":[{"href":"https:\/\/divainers.com\/sv\/wp-json\/wp\/v2\/product\/8078","targetHints":{"allow":["GET"]}}],"collection":[{"href":"https:\/\/divainers.com\/sv\/wp-json\/wp\/v2\/product"}],"about":[{"href":"https:\/\/divainers.com\/sv\/wp-json\/wp\/v2\/types\/product"}],"replies":[{"embeddable":true,"href":"https:\/\/divainers.com\/sv\/wp-json\/wp\/v2\/comments?post=8078"}],"wp:featuredmedia":[{"embeddable":true,"href":"https:\/\/divainers.com\/sv\/wp-json\/wp\/v2\/media\/8075"}],"wp:attachment":[{"href":"https:\/\/divainers.com\/sv\/wp-json\/wp\/v2\/media?parent=8078"}],"wp:term":[{"taxonomy":"product_brand","embeddable":true,"href":"https:\/\/divainers.com\/sv\/wp-json\/wp\/v2\/product_brand?post=8078"},{"taxonomy":"product_cat","embeddable":true,"href":"https:\/\/divainers.com\/sv\/wp-json\/wp\/v2\/product_cat?post=8078"},{"taxonomy":"product_tag","embeddable":true,"href":"https:\/\/divainers.com\/sv\/wp-json\/wp\/v2\/product_tag?post=8078"}],"curies":[{"name":"wp","href":"https:\/\/api.w.org\/{rel}","templated":true}]}}