{"id":8161,"date":"2025-01-31T08:31:53","date_gmt":"2025-01-31T07:31:53","guid":{"rendered":"https:\/\/divainers.com\/producto\/divain-412\/"},"modified":"2026-04-30T09:49:46","modified_gmt":"2026-04-30T07:49:46","slug":"divain-412","status":"publish","type":"product","link":"https:\/\/divainers.com\/sv\/producto\/divain-412\/","title":{"rendered":"divain.412"},"content":{"rendered":"<p>En fyllig och beroendeframkallande doft som f\u00f6renar tobakens kryddiga v\u00e4rme med rosens sammetslena sensualitet. Fr\u00e5n f\u00f6rsta stund omsluter kryddiga och s\u00f6ta toner sinnena och skapar en intensiv och omslutande k\u00e4nsla. I hj\u00e4rtat vecklar rosen ut sig med en djup och l\u00e4tt m\u00f6rk karakt\u00e4r, ackompanjerad av b\u00e4rnstensf\u00e4rgade och k\u00e5diga nyanser som framh\u00e4ver dess rikedom. Basen \u00e4r t\u00e4t och f\u00f6rf\u00f6risk, med ackord av kakao, mysk och kr\u00e4miga tr\u00e4slag som l\u00e4mnar ett sofistikerat och l\u00e5ngvarigt sp\u00e5r. Perfekt f\u00f6r den som s\u00f6ker en dj\u00e4rv, elegant och karakt\u00e4rsfull doft.<\/p>\n","protected":false},"excerpt":{"rendered":"<p>P\u00e5minner om Tabac Rose fr\u00e5n BDK Parfums<\/p>\n","protected":false},"featured_media":8159,"comment_status":"open","ping_status":"closed","template":"","meta":[],"product_brand":[],"product_cat":[1738],"product_tag":[1375],"class_list":{"0":"post-8161","1":"product","2":"type-product","3":"status-publish","4":"has-post-thumbnail","6":"product_cat-bdk-parfums","7":"product_tag-unisex","9":"first","10":"instock","11":"shipping-taxable","12":"product-type-simple"},"_links":{"self":[{"href":"https:\/\/divainers.com\/sv\/wp-json\/wp\/v2\/product\/8161","targetHints":{"allow":["GET"]}}],"collection":[{"href":"https:\/\/divainers.com\/sv\/wp-json\/wp\/v2\/product"}],"about":[{"href":"https:\/\/divainers.com\/sv\/wp-json\/wp\/v2\/types\/product"}],"replies":[{"embeddable":true,"href":"https:\/\/divainers.com\/sv\/wp-json\/wp\/v2\/comments?post=8161"}],"wp:featuredmedia":[{"embeddable":true,"href":"https:\/\/divainers.com\/sv\/wp-json\/wp\/v2\/media\/8159"}],"wp:attachment":[{"href":"https:\/\/divainers.com\/sv\/wp-json\/wp\/v2\/media?parent=8161"}],"wp:term":[{"taxonomy":"product_brand","embeddable":true,"href":"https:\/\/divainers.com\/sv\/wp-json\/wp\/v2\/product_brand?post=8161"},{"taxonomy":"product_cat","embeddable":true,"href":"https:\/\/divainers.com\/sv\/wp-json\/wp\/v2\/product_cat?post=8161"},{"taxonomy":"product_tag","embeddable":true,"href":"https:\/\/divainers.com\/sv\/wp-json\/wp\/v2\/product_tag?post=8161"}],"curies":[{"name":"wp","href":"https:\/\/api.w.org\/{rel}","templated":true}]}}