{"id":817,"date":"2025-01-31T08:32:49","date_gmt":"2025-01-31T07:32:49","guid":{"rendered":"https:\/\/divainers.com\/producto\/divain-046\/"},"modified":"2026-03-16T16:07:54","modified_gmt":"2026-03-16T15:07:54","slug":"divain-046","status":"publish","type":"product","link":"https:\/\/divainers.com\/sv\/producto\/divain-046\/","title":{"rendered":"divain.046"},"content":{"rendered":"<p>Un aroma fresco y elegante que encarna la esencia del estilo atemporal y la sofisticaci\u00f3n relajada. Su apertura luminosa de pomelo y romero aporta un toque vibrante y limpio, mientras un coraz\u00f3n de nardo y ylang-ylang equilibra la fragancia con una suavidad arom\u00e1tica y refinada. En el fondo, el cedro, el vetiver y el cuero blanco crean una estela c\u00e1lida y envolvente, perfecta para el hombre moderno, seguro de s\u00ed mismo y con un esp\u00edritu aut\u00e9ntico y deportivo.<\/p>\n","protected":false},"excerpt":{"rendered":"<p>Recuerda a L.12.12 White de Lacoste<\/p>\n","protected":false},"featured_media":3524,"comment_status":"open","ping_status":"closed","template":"","meta":[],"product_brand":[],"product_cat":[589],"product_tag":[1343],"class_list":{"0":"post-817","1":"product","2":"type-product","3":"status-publish","4":"has-post-thumbnail","6":"product_cat-lacoste","7":"product_tag-hommes","9":"first","10":"instock","11":"shipping-taxable","12":"product-type-simple"},"_links":{"self":[{"href":"https:\/\/divainers.com\/sv\/wp-json\/wp\/v2\/product\/817","targetHints":{"allow":["GET"]}}],"collection":[{"href":"https:\/\/divainers.com\/sv\/wp-json\/wp\/v2\/product"}],"about":[{"href":"https:\/\/divainers.com\/sv\/wp-json\/wp\/v2\/types\/product"}],"replies":[{"embeddable":true,"href":"https:\/\/divainers.com\/sv\/wp-json\/wp\/v2\/comments?post=817"}],"wp:featuredmedia":[{"embeddable":true,"href":"https:\/\/divainers.com\/sv\/wp-json\/wp\/v2\/media\/3524"}],"wp:attachment":[{"href":"https:\/\/divainers.com\/sv\/wp-json\/wp\/v2\/media?parent=817"}],"wp:term":[{"taxonomy":"product_brand","embeddable":true,"href":"https:\/\/divainers.com\/sv\/wp-json\/wp\/v2\/product_brand?post=817"},{"taxonomy":"product_cat","embeddable":true,"href":"https:\/\/divainers.com\/sv\/wp-json\/wp\/v2\/product_cat?post=817"},{"taxonomy":"product_tag","embeddable":true,"href":"https:\/\/divainers.com\/sv\/wp-json\/wp\/v2\/product_tag?post=817"}],"curies":[{"name":"wp","href":"https:\/\/api.w.org\/{rel}","templated":true}]}}