{"id":8202,"date":"2025-01-31T08:33:36","date_gmt":"2025-01-31T07:33:36","guid":{"rendered":"https:\/\/divainers.com\/producto\/divain-077\/"},"modified":"2026-04-30T09:49:55","modified_gmt":"2026-04-30T07:49:55","slug":"divain-077","status":"publish","type":"product","link":"https:\/\/divainers.com\/sv\/producto\/divain-077\/","title":{"rendered":"divain.077"},"content":{"rendered":"<p>En ungdomlig och livfull doft som f\u00e5ngar gl\u00e4dje och spontanitet i varje not. Dess gnistrande \u00f6ppning med persika, aprikos och svarta vinb\u00e4r ger en fruktig och ljus s\u00f6tma. I hj\u00e4rtat omsluter fresia, viol och liljekonvalj doften med en mjuk och romantisk kvinnlighet. I basen skapar sandeltr\u00e4, vanilj och mysk en varm och inbjudande doft, perfekt f\u00f6r den roliga, fria kvinnan med en energifylld anda.<\/p>\n","protected":false},"excerpt":{"rendered":"<p>P\u00e5minner om Red Jeans av Versace<\/p>\n","protected":false},"featured_media":8201,"comment_status":"open","ping_status":"closed","template":"","meta":[],"product_brand":[],"product_cat":[1758],"product_tag":[1439],"class_list":{"0":"post-8202","1":"product","2":"type-product","3":"status-publish","4":"has-post-thumbnail","6":"product_cat-versace","7":"product_tag-kvinnor","9":"first","10":"instock","11":"shipping-taxable","12":"product-type-simple"},"_links":{"self":[{"href":"https:\/\/divainers.com\/sv\/wp-json\/wp\/v2\/product\/8202","targetHints":{"allow":["GET"]}}],"collection":[{"href":"https:\/\/divainers.com\/sv\/wp-json\/wp\/v2\/product"}],"about":[{"href":"https:\/\/divainers.com\/sv\/wp-json\/wp\/v2\/types\/product"}],"replies":[{"embeddable":true,"href":"https:\/\/divainers.com\/sv\/wp-json\/wp\/v2\/comments?post=8202"}],"wp:featuredmedia":[{"embeddable":true,"href":"https:\/\/divainers.com\/sv\/wp-json\/wp\/v2\/media\/8201"}],"wp:attachment":[{"href":"https:\/\/divainers.com\/sv\/wp-json\/wp\/v2\/media?parent=8202"}],"wp:term":[{"taxonomy":"product_brand","embeddable":true,"href":"https:\/\/divainers.com\/sv\/wp-json\/wp\/v2\/product_brand?post=8202"},{"taxonomy":"product_cat","embeddable":true,"href":"https:\/\/divainers.com\/sv\/wp-json\/wp\/v2\/product_cat?post=8202"},{"taxonomy":"product_tag","embeddable":true,"href":"https:\/\/divainers.com\/sv\/wp-json\/wp\/v2\/product_tag?post=8202"}],"curies":[{"name":"wp","href":"https:\/\/api.w.org\/{rel}","templated":true}]}}