{"id":8243,"date":"2025-01-31T08:31:53","date_gmt":"2025-01-31T07:31:53","guid":{"rendered":"https:\/\/divainers.com\/producto\/divain-447\/"},"modified":"2026-04-30T09:50:08","modified_gmt":"2026-04-30T07:50:08","slug":"divain-447","status":"publish","type":"product","link":"https:\/\/divainers.com\/sv\/producto\/divain-447\/","title":{"rendered":"divain.447"},"content":{"rendered":"<p>En majest\u00e4tisk och kraftfull doft som utstr\u00e5lar sj\u00e4lvf\u00f6rtroende och sofistikering i varje ton. \u00d6ppningen \u00e4r livfull och kryddig, med ett utbrott av bergamott och peppar som v\u00e4cker sinnena med energi och elegans. I hj\u00e4rtat blandas amber och lavendel med \u00e4dla tr\u00e4slag, vilket ger djup och en distinkt aura. Slutligen l\u00e4mnar en varm bas av vanilj, mysk och oud en omslutande, intensiv och f\u00f6rf\u00f6risk doftsp\u00e5r. En dj\u00e4rv och magnetisk parfym, perfekt f\u00f6r dem som s\u00f6ker en doft med karakt\u00e4r, n\u00e4rvaro och imponerande elegans.<\/p>\n","protected":false},"excerpt":{"rendered":"<p>P\u00e5minner om King fr\u00e5n Bharara<\/p>\n","protected":false},"featured_media":8242,"comment_status":"open","ping_status":"closed","template":"","meta":[],"product_brand":[],"product_cat":[1778],"product_tag":[1362],"class_list":{"0":"post-8243","1":"product","2":"type-product","3":"status-publish","4":"has-post-thumbnail","6":"product_cat-bharara","7":"product_tag-man","9":"first","10":"instock","11":"shipping-taxable","12":"product-type-simple"},"_links":{"self":[{"href":"https:\/\/divainers.com\/sv\/wp-json\/wp\/v2\/product\/8243","targetHints":{"allow":["GET"]}}],"collection":[{"href":"https:\/\/divainers.com\/sv\/wp-json\/wp\/v2\/product"}],"about":[{"href":"https:\/\/divainers.com\/sv\/wp-json\/wp\/v2\/types\/product"}],"replies":[{"embeddable":true,"href":"https:\/\/divainers.com\/sv\/wp-json\/wp\/v2\/comments?post=8243"}],"wp:featuredmedia":[{"embeddable":true,"href":"https:\/\/divainers.com\/sv\/wp-json\/wp\/v2\/media\/8242"}],"wp:attachment":[{"href":"https:\/\/divainers.com\/sv\/wp-json\/wp\/v2\/media?parent=8243"}],"wp:term":[{"taxonomy":"product_brand","embeddable":true,"href":"https:\/\/divainers.com\/sv\/wp-json\/wp\/v2\/product_brand?post=8243"},{"taxonomy":"product_cat","embeddable":true,"href":"https:\/\/divainers.com\/sv\/wp-json\/wp\/v2\/product_cat?post=8243"},{"taxonomy":"product_tag","embeddable":true,"href":"https:\/\/divainers.com\/sv\/wp-json\/wp\/v2\/product_tag?post=8243"}],"curies":[{"name":"wp","href":"https:\/\/api.w.org\/{rel}","templated":true}]}}