{"id":8329,"date":"2025-01-31T08:31:53","date_gmt":"2025-01-31T07:31:53","guid":{"rendered":"https:\/\/divainers.com\/producto\/divain-668\/"},"modified":"2026-04-30T09:50:41","modified_gmt":"2026-04-30T07:50:41","slug":"divain-668","status":"publish","type":"product","link":"https:\/\/divainers.com\/sv\/producto\/divain-668\/","title":{"rendered":"divain.668"},"content":{"rendered":"<p>En uts\u00f6kt och f\u00e4ngslande doft som utstr\u00e5lar elegans och mystik. I \u00f6ppningen utvecklas en frisk och citrusaktig blandning som sm\u00e4lter samman med marina toner och p\u00e5minner om den svala havsbrisen. N\u00e4r doften s\u00e4tter sig avsl\u00f6jar hj\u00e4rtat en blommig och fruktig ackord, d\u00e4r s\u00f6tman fr\u00e5n exotiska frukter fl\u00e4tas samman med mjukheten fr\u00e5n delikata blommor och skapar en omslutande och feminin k\u00e4nsla. Basen, djup och sofistikerad, best\u00e5r av \u00e4dla tr\u00e4slag och en subtil ton av mysk, som ger en varm och f\u00f6rf\u00f6risk doftsvans. Det \u00e4r en idealisk doft f\u00f6r dem som s\u00f6ker en f\u00f6rfinad och karakt\u00e4rsfull parfym, perfekt f\u00f6r kvinnan som vill utstr\u00e5la lyx, styrka och sj\u00e4lvf\u00f6rtroende.<\/p>\n","protected":false},"excerpt":{"rendered":"<p>P\u00e5minner om Blue Sapphire fr\u00e5n Boadicea The Victorious<\/p>\n","protected":false},"featured_media":8327,"comment_status":"open","ping_status":"closed","template":"","meta":[],"product_brand":[],"product_cat":[1815],"product_tag":[1383],"class_list":{"0":"post-8329","1":"product","2":"type-product","3":"status-publish","4":"has-post-thumbnail","6":"product_cat-boadicea-the-victorious","7":"product_tag-unisex","9":"first","10":"instock","11":"shipping-taxable","12":"product-type-simple"},"_links":{"self":[{"href":"https:\/\/divainers.com\/sv\/wp-json\/wp\/v2\/product\/8329","targetHints":{"allow":["GET"]}}],"collection":[{"href":"https:\/\/divainers.com\/sv\/wp-json\/wp\/v2\/product"}],"about":[{"href":"https:\/\/divainers.com\/sv\/wp-json\/wp\/v2\/types\/product"}],"replies":[{"embeddable":true,"href":"https:\/\/divainers.com\/sv\/wp-json\/wp\/v2\/comments?post=8329"}],"wp:featuredmedia":[{"embeddable":true,"href":"https:\/\/divainers.com\/sv\/wp-json\/wp\/v2\/media\/8327"}],"wp:attachment":[{"href":"https:\/\/divainers.com\/sv\/wp-json\/wp\/v2\/media?parent=8329"}],"wp:term":[{"taxonomy":"product_brand","embeddable":true,"href":"https:\/\/divainers.com\/sv\/wp-json\/wp\/v2\/product_brand?post=8329"},{"taxonomy":"product_cat","embeddable":true,"href":"https:\/\/divainers.com\/sv\/wp-json\/wp\/v2\/product_cat?post=8329"},{"taxonomy":"product_tag","embeddable":true,"href":"https:\/\/divainers.com\/sv\/wp-json\/wp\/v2\/product_tag?post=8329"}],"curies":[{"name":"wp","href":"https:\/\/api.w.org\/{rel}","templated":true}]}}