{"id":8370,"date":"2025-01-31T08:31:53","date_gmt":"2025-01-31T07:31:53","guid":{"rendered":"https:\/\/divainers.com\/producto\/divain-452\/"},"modified":"2026-04-30T09:50:52","modified_gmt":"2026-04-30T07:50:52","slug":"divain-452","status":"publish","type":"product","link":"https:\/\/divainers.com\/sv\/producto\/divain-452\/","title":{"rendered":"divain.452"},"content":{"rendered":"<p>En livfull och sofistikerad doft som f\u00e5ngar stadens dynamiska energi med en touch av friskhet och oemotst\u00e5ndlig v\u00e4rme. \u00d6ppningen \u00e4r ljus och saftig, med en explosion av svarta vinb\u00e4r och bl\u00e5b\u00e4r, f\u00f6rst\u00e4rkt av en gr\u00f6n och kryddig ton som v\u00e4cker sinnena. I hj\u00e4rtat tillf\u00f6r viol och kanel djup och en f\u00f6rfinad k\u00e4nsla, medan basnoten av b\u00e4rnsten, vanilj och \u00e4dla tr\u00e4slag omsluter huden med ett omslutande, kr\u00e4migt och f\u00f6rf\u00f6riskt sp\u00e5r. En modern och m\u00e5ngsidig parfym, idealisk f\u00f6r den som s\u00f6ker en unik, sofistikerad doft med ett omissk\u00e4nnligt uttryck.<\/p>\n","protected":false},"excerpt":{"rendered":"<p>P\u00e5minner om Bleecker Street fr\u00e5n Bond No 9<\/p>\n","protected":false},"featured_media":8366,"comment_status":"open","ping_status":"closed","template":"","meta":[],"product_brand":[],"product_cat":[1825],"product_tag":[1407],"class_list":{"0":"post-8370","1":"product","2":"type-product","3":"status-publish","4":"has-post-thumbnail","6":"product_cat-bond-no-9","7":"product_tag-unisex","9":"first","10":"instock","11":"shipping-taxable","12":"product-type-simple"},"_links":{"self":[{"href":"https:\/\/divainers.com\/sv\/wp-json\/wp\/v2\/product\/8370","targetHints":{"allow":["GET"]}}],"collection":[{"href":"https:\/\/divainers.com\/sv\/wp-json\/wp\/v2\/product"}],"about":[{"href":"https:\/\/divainers.com\/sv\/wp-json\/wp\/v2\/types\/product"}],"replies":[{"embeddable":true,"href":"https:\/\/divainers.com\/sv\/wp-json\/wp\/v2\/comments?post=8370"}],"wp:featuredmedia":[{"embeddable":true,"href":"https:\/\/divainers.com\/sv\/wp-json\/wp\/v2\/media\/8366"}],"wp:attachment":[{"href":"https:\/\/divainers.com\/sv\/wp-json\/wp\/v2\/media?parent=8370"}],"wp:term":[{"taxonomy":"product_brand","embeddable":true,"href":"https:\/\/divainers.com\/sv\/wp-json\/wp\/v2\/product_brand?post=8370"},{"taxonomy":"product_cat","embeddable":true,"href":"https:\/\/divainers.com\/sv\/wp-json\/wp\/v2\/product_cat?post=8370"},{"taxonomy":"product_tag","embeddable":true,"href":"https:\/\/divainers.com\/sv\/wp-json\/wp\/v2\/product_tag?post=8370"}],"curies":[{"name":"wp","href":"https:\/\/api.w.org\/{rel}","templated":true}]}}