{"id":8412,"date":"2025-01-31T08:31:53","date_gmt":"2025-01-31T07:31:53","guid":{"rendered":"https:\/\/divainers.com\/producto\/divain-823\/"},"modified":"2026-04-30T09:51:06","modified_gmt":"2026-04-30T07:51:06","slug":"divain-823","status":"publish","type":"product","link":"https:\/\/divainers.com\/sv\/producto\/divain-823\/","title":{"rendered":"divain.823"},"content":{"rendered":"<p>Denna unisexdoft k\u00e4nnetecknas av sin blommiga chypre-arom, d\u00e4r noter av rosa peppar och bergamott \u00f6ppnar upp f\u00f6r ett hj\u00e4rta av Sambac-jasmin. I basen tillf\u00f6r l\u00e4der, ekmossa och patchouli djup och sofistikering. Perfekt f\u00f6r den som s\u00f6ker en essens som kombinerar elegans och sensualitet vid alla tillf\u00e4llen.<\/p>\n","protected":false},"excerpt":{"rendered":"<p>P\u00e5minner om Bottega Veneta fr\u00e5n Bottega Veneta<\/p>\n","protected":false},"featured_media":8410,"comment_status":"open","ping_status":"closed","template":"","meta":[],"product_brand":[],"product_cat":[1863],"product_tag":[1439],"class_list":{"0":"post-8412","1":"product","2":"type-product","3":"status-publish","4":"has-post-thumbnail","6":"product_cat-bottega-veneta","7":"product_tag-kvinnor","9":"first","10":"instock","11":"shipping-taxable","12":"product-type-simple"},"_links":{"self":[{"href":"https:\/\/divainers.com\/sv\/wp-json\/wp\/v2\/product\/8412","targetHints":{"allow":["GET"]}}],"collection":[{"href":"https:\/\/divainers.com\/sv\/wp-json\/wp\/v2\/product"}],"about":[{"href":"https:\/\/divainers.com\/sv\/wp-json\/wp\/v2\/types\/product"}],"replies":[{"embeddable":true,"href":"https:\/\/divainers.com\/sv\/wp-json\/wp\/v2\/comments?post=8412"}],"wp:featuredmedia":[{"embeddable":true,"href":"https:\/\/divainers.com\/sv\/wp-json\/wp\/v2\/media\/8410"}],"wp:attachment":[{"href":"https:\/\/divainers.com\/sv\/wp-json\/wp\/v2\/media?parent=8412"}],"wp:term":[{"taxonomy":"product_brand","embeddable":true,"href":"https:\/\/divainers.com\/sv\/wp-json\/wp\/v2\/product_brand?post=8412"},{"taxonomy":"product_cat","embeddable":true,"href":"https:\/\/divainers.com\/sv\/wp-json\/wp\/v2\/product_cat?post=8412"},{"taxonomy":"product_tag","embeddable":true,"href":"https:\/\/divainers.com\/sv\/wp-json\/wp\/v2\/product_tag?post=8412"}],"curies":[{"name":"wp","href":"https:\/\/api.w.org\/{rel}","templated":true}]}}