{"id":8497,"date":"2025-01-31T08:31:54","date_gmt":"2025-01-31T07:31:54","guid":{"rendered":"https:\/\/divainers.com\/producto\/divain-060\/"},"modified":"2026-04-30T09:51:27","modified_gmt":"2026-04-30T07:51:27","slug":"divain-060","status":"publish","type":"product","link":"https:\/\/divainers.com\/sv\/producto\/divain-060\/","title":{"rendered":"divain.060"},"content":{"rendered":"<p>En s\u00f6t och f\u00f6rtrollande doft som v\u00e4cker en v\u00e4rld av fantasi och romantik till liv. Dess gnistrande \u00f6ppning med kiwi, r\u00f6d litchi och kvitten ger en fruktig och saftig ton. I hj\u00e4rtat skapar jasmin och vit choklad en beroendeframkallande och f\u00f6rf\u00f6risk kombination. I basen omsluter vanilj, mysk och kr\u00e4miga tr\u00e4noter doften med ett varmt och omslutande sp\u00e5r. Perfekt f\u00f6r den dr\u00f6mmande, flirtiga kvinnan med en magisk och oemotst\u00e5ndlig sj\u00e4l.<\/p>\n","protected":false},"excerpt":{"rendered":"<p>P\u00e5minner om Fantasy av Britney Spears<\/p>\n","protected":false},"featured_media":8496,"comment_status":"open","ping_status":"closed","template":"","meta":[],"product_brand":[],"product_cat":[1905],"product_tag":[1439],"class_list":{"0":"post-8497","1":"product","2":"type-product","3":"status-publish","4":"has-post-thumbnail","6":"product_cat-britney-spears","7":"product_tag-kvinnor","9":"first","10":"instock","11":"shipping-taxable","12":"product-type-simple"},"_links":{"self":[{"href":"https:\/\/divainers.com\/sv\/wp-json\/wp\/v2\/product\/8497","targetHints":{"allow":["GET"]}}],"collection":[{"href":"https:\/\/divainers.com\/sv\/wp-json\/wp\/v2\/product"}],"about":[{"href":"https:\/\/divainers.com\/sv\/wp-json\/wp\/v2\/types\/product"}],"replies":[{"embeddable":true,"href":"https:\/\/divainers.com\/sv\/wp-json\/wp\/v2\/comments?post=8497"}],"wp:featuredmedia":[{"embeddable":true,"href":"https:\/\/divainers.com\/sv\/wp-json\/wp\/v2\/media\/8496"}],"wp:attachment":[{"href":"https:\/\/divainers.com\/sv\/wp-json\/wp\/v2\/media?parent=8497"}],"wp:term":[{"taxonomy":"product_brand","embeddable":true,"href":"https:\/\/divainers.com\/sv\/wp-json\/wp\/v2\/product_brand?post=8497"},{"taxonomy":"product_cat","embeddable":true,"href":"https:\/\/divainers.com\/sv\/wp-json\/wp\/v2\/product_cat?post=8497"},{"taxonomy":"product_tag","embeddable":true,"href":"https:\/\/divainers.com\/sv\/wp-json\/wp\/v2\/product_tag?post=8497"}],"curies":[{"name":"wp","href":"https:\/\/api.w.org\/{rel}","templated":true}]}}