{"id":8539,"date":"2025-01-31T08:31:54","date_gmt":"2025-01-31T07:31:54","guid":{"rendered":"https:\/\/divainers.com\/producto\/divain-137\/"},"modified":"2026-04-30T09:51:39","modified_gmt":"2026-04-30T07:51:39","slug":"divain-137","status":"publish","type":"product","link":"https:\/\/divainers.com\/sv\/producto\/divain-137\/","title":{"rendered":"divain.137"},"content":{"rendered":"<p>En varm och elegant doft som omsluter sinnena med sin f\u00f6rfinade sensualitet. Den fruktiga \u00f6ppningen av persika, p\u00e4ron och svarta vinb\u00e4r ger en saftig och ljus s\u00f6tma. I hj\u00e4rtat skapar jasmin och sandeltr\u00e4 en mjuk och sofistikerad kombination som framh\u00e4ver femininiteten med en omslutande touch. I basen l\u00e4mnar vanilj och vit mysk en varm och tr\u00f6stande doft, perfekt f\u00f6r den klassiska, sofistikerade kvinnan med tidl\u00f6s charm som l\u00e4mnar ett of\u00f6rgl\u00f6mligt intryck.<\/p>\n","protected":false},"excerpt":{"rendered":"<p>P\u00e5minner om Burberry Women fr\u00e5n Burberry<\/p>\n","protected":false},"featured_media":8537,"comment_status":"open","ping_status":"closed","template":"","meta":[],"product_brand":[],"product_cat":[1925],"product_tag":[1439],"class_list":{"0":"post-8539","1":"product","2":"type-product","3":"status-publish","4":"has-post-thumbnail","6":"product_cat-burberry","7":"product_tag-kvinnor","9":"first","10":"instock","11":"shipping-taxable","12":"product-type-simple"},"_links":{"self":[{"href":"https:\/\/divainers.com\/sv\/wp-json\/wp\/v2\/product\/8539","targetHints":{"allow":["GET"]}}],"collection":[{"href":"https:\/\/divainers.com\/sv\/wp-json\/wp\/v2\/product"}],"about":[{"href":"https:\/\/divainers.com\/sv\/wp-json\/wp\/v2\/types\/product"}],"replies":[{"embeddable":true,"href":"https:\/\/divainers.com\/sv\/wp-json\/wp\/v2\/comments?post=8539"}],"wp:featuredmedia":[{"embeddable":true,"href":"https:\/\/divainers.com\/sv\/wp-json\/wp\/v2\/media\/8537"}],"wp:attachment":[{"href":"https:\/\/divainers.com\/sv\/wp-json\/wp\/v2\/media?parent=8539"}],"wp:term":[{"taxonomy":"product_brand","embeddable":true,"href":"https:\/\/divainers.com\/sv\/wp-json\/wp\/v2\/product_brand?post=8539"},{"taxonomy":"product_cat","embeddable":true,"href":"https:\/\/divainers.com\/sv\/wp-json\/wp\/v2\/product_cat?post=8539"},{"taxonomy":"product_tag","embeddable":true,"href":"https:\/\/divainers.com\/sv\/wp-json\/wp\/v2\/product_tag?post=8539"}],"curies":[{"name":"wp","href":"https:\/\/api.w.org\/{rel}","templated":true}]}}