{"id":8664,"date":"2025-01-31T08:33:38","date_gmt":"2025-01-31T07:33:38","guid":{"rendered":"https:\/\/divainers.com\/producto\/divain-659\/"},"modified":"2026-04-30T09:52:25","modified_gmt":"2026-04-30T07:52:25","slug":"divain-659","status":"publish","type":"product","link":"https:\/\/divainers.com\/sv\/producto\/divain-659\/","title":{"rendered":"divain.659"},"content":{"rendered":"<p>En doft som \u00f6verfl\u00f6dar av sensualitet och mystik, perfekt f\u00f6r kvinnan som vill f\u00f6rf\u00f6ra med ett unikt sp\u00e5r. Den b\u00f6rjar med en fruktig och saftig blandning d\u00e4r toner av plommon och hallon tillf\u00f6r en s\u00f6t friskhet, ackompanjerad av en delikat blomsterdoft. Hj\u00e4rtat fylls med en subtil ackord av exotiska blommor, s\u00e5som jasmin, som ger en feminin och omslutande sensualitet. Slutligen skapar basnoterna av sandeltr\u00e4 och mysk en varm och jordig grund som l\u00e4mnar en k\u00e4nsla av mjukhet och djup som dr\u00f6jer sig kvar.<\/p>\n","protected":false},"excerpt":{"rendered":"<p>P\u00e5minner om Forbidden fr\u00e5n Victoria&#8217;s Secret<\/p>\n","protected":false},"featured_media":8663,"comment_status":"open","ping_status":"closed","template":"","meta":[],"product_brand":[],"product_cat":[1987],"product_tag":[1439],"class_list":{"0":"post-8664","1":"product","2":"type-product","3":"status-publish","4":"has-post-thumbnail","6":"product_cat-victorias-secret","7":"product_tag-kvinnor","9":"first","10":"instock","11":"shipping-taxable","12":"product-type-simple"},"_links":{"self":[{"href":"https:\/\/divainers.com\/sv\/wp-json\/wp\/v2\/product\/8664","targetHints":{"allow":["GET"]}}],"collection":[{"href":"https:\/\/divainers.com\/sv\/wp-json\/wp\/v2\/product"}],"about":[{"href":"https:\/\/divainers.com\/sv\/wp-json\/wp\/v2\/types\/product"}],"replies":[{"embeddable":true,"href":"https:\/\/divainers.com\/sv\/wp-json\/wp\/v2\/comments?post=8664"}],"wp:featuredmedia":[{"embeddable":true,"href":"https:\/\/divainers.com\/sv\/wp-json\/wp\/v2\/media\/8663"}],"wp:attachment":[{"href":"https:\/\/divainers.com\/sv\/wp-json\/wp\/v2\/media?parent=8664"}],"wp:term":[{"taxonomy":"product_brand","embeddable":true,"href":"https:\/\/divainers.com\/sv\/wp-json\/wp\/v2\/product_brand?post=8664"},{"taxonomy":"product_cat","embeddable":true,"href":"https:\/\/divainers.com\/sv\/wp-json\/wp\/v2\/product_cat?post=8664"},{"taxonomy":"product_tag","embeddable":true,"href":"https:\/\/divainers.com\/sv\/wp-json\/wp\/v2\/product_tag?post=8664"}],"curies":[{"name":"wp","href":"https:\/\/api.w.org\/{rel}","templated":true}]}}