{"id":883,"date":"2025-01-31T08:32:57","date_gmt":"2025-01-31T07:32:57","guid":{"rendered":"https:\/\/divainers.com\/producto\/divain-450\/"},"modified":"2026-03-16T16:08:01","modified_gmt":"2026-03-16T15:08:01","slug":"divain-450","status":"publish","type":"product","link":"https:\/\/divainers.com\/sv\/producto\/divain-450\/","title":{"rendered":"divain.450"},"content":{"rendered":"<p>Un aroma vibrante y evocador que captura la esencia de un atardecer dorado junto al mar. Desde la primera brisa, la frescura c\u00edtrica del yuzu se mezcla con un toque salino y especiado, despertando los sentidos con una energ\u00eda luminosa. En su coraz\u00f3n, el neroli y las notas arom\u00e1ticas crean una sensaci\u00f3n relajada y sensual, como la caricia del sol sobre la piel. Finalmente, un fondo de almizcle y maderas suaves deja una estela c\u00e1lida, envolvente y adictiva. Un perfume refrescante y sofisticado, ideal para quienes buscan una fragancia radiante, sensual y con el esp\u00edritu libre del verano eterno.<\/p>\n","protected":false},"excerpt":{"rendered":"<p>Recuerda a Love on the Beach de Louis Vuitton<\/p>\n","protected":false},"featured_media":3683,"comment_status":"open","ping_status":"closed","template":"","meta":[],"product_brand":[],"product_cat":[651],"product_tag":[29],"class_list":{"0":"post-883","1":"product","2":"type-product","3":"status-publish","4":"has-post-thumbnail","6":"product_cat-louis-vuitton","7":"product_tag-unisex","9":"first","10":"instock","11":"shipping-taxable","12":"product-type-simple"},"_links":{"self":[{"href":"https:\/\/divainers.com\/sv\/wp-json\/wp\/v2\/product\/883","targetHints":{"allow":["GET"]}}],"collection":[{"href":"https:\/\/divainers.com\/sv\/wp-json\/wp\/v2\/product"}],"about":[{"href":"https:\/\/divainers.com\/sv\/wp-json\/wp\/v2\/types\/product"}],"replies":[{"embeddable":true,"href":"https:\/\/divainers.com\/sv\/wp-json\/wp\/v2\/comments?post=883"}],"wp:featuredmedia":[{"embeddable":true,"href":"https:\/\/divainers.com\/sv\/wp-json\/wp\/v2\/media\/3683"}],"wp:attachment":[{"href":"https:\/\/divainers.com\/sv\/wp-json\/wp\/v2\/media?parent=883"}],"wp:term":[{"taxonomy":"product_brand","embeddable":true,"href":"https:\/\/divainers.com\/sv\/wp-json\/wp\/v2\/product_brand?post=883"},{"taxonomy":"product_cat","embeddable":true,"href":"https:\/\/divainers.com\/sv\/wp-json\/wp\/v2\/product_cat?post=883"},{"taxonomy":"product_tag","embeddable":true,"href":"https:\/\/divainers.com\/sv\/wp-json\/wp\/v2\/product_tag?post=883"}],"curies":[{"name":"wp","href":"https:\/\/api.w.org\/{rel}","templated":true}]}}