{"id":9194,"date":"2025-01-31T08:33:39","date_gmt":"2025-01-31T07:33:39","guid":{"rendered":"https:\/\/divainers.com\/producto\/divain-100\/"},"modified":"2026-04-30T09:54:44","modified_gmt":"2026-04-30T07:54:44","slug":"divain-100","status":"publish","type":"product","link":"https:\/\/divainers.com\/sv\/producto\/divain-100\/","title":{"rendered":"divain.100"},"content":{"rendered":"<p>En ren och naturlig doft som framkallar morgonens friskhet och naturens \u00f6mhet. Dess ljusa \u00f6ppning av citrus och gr\u00f6na blad ger en uppfriskande och l\u00e4tt k\u00e4nsla. I hj\u00e4rtat omsluter en blomsterbukett av jasmin, ros och liljekonvalj doften med en mjuk och elegant kvinnlighet. I basen skapar mysk och cedertr\u00e4 ett varmt och omslutande sp\u00e5r, perfekt f\u00f6r den romantiska, lugna kvinnan med en subtil charm som l\u00e4mnar ett avtryck.<\/p>\n","protected":false},"excerpt":{"rendered":"<p>P\u00e5minner om Agua de Rocio fr\u00e5n Victorio &#038; Lucchino<\/p>\n","protected":false},"featured_media":9193,"comment_status":"open","ping_status":"closed","template":"","meta":[],"product_brand":[],"product_cat":[2240],"product_tag":[1439],"class_list":{"0":"post-9194","1":"product","2":"type-product","3":"status-publish","4":"has-post-thumbnail","6":"product_cat-victorio-lucchino","7":"product_tag-kvinnor","9":"first","10":"instock","11":"shipping-taxable","12":"product-type-simple"},"_links":{"self":[{"href":"https:\/\/divainers.com\/sv\/wp-json\/wp\/v2\/product\/9194","targetHints":{"allow":["GET"]}}],"collection":[{"href":"https:\/\/divainers.com\/sv\/wp-json\/wp\/v2\/product"}],"about":[{"href":"https:\/\/divainers.com\/sv\/wp-json\/wp\/v2\/types\/product"}],"replies":[{"embeddable":true,"href":"https:\/\/divainers.com\/sv\/wp-json\/wp\/v2\/comments?post=9194"}],"wp:featuredmedia":[{"embeddable":true,"href":"https:\/\/divainers.com\/sv\/wp-json\/wp\/v2\/media\/9193"}],"wp:attachment":[{"href":"https:\/\/divainers.com\/sv\/wp-json\/wp\/v2\/media?parent=9194"}],"wp:term":[{"taxonomy":"product_brand","embeddable":true,"href":"https:\/\/divainers.com\/sv\/wp-json\/wp\/v2\/product_brand?post=9194"},{"taxonomy":"product_cat","embeddable":true,"href":"https:\/\/divainers.com\/sv\/wp-json\/wp\/v2\/product_cat?post=9194"},{"taxonomy":"product_tag","embeddable":true,"href":"https:\/\/divainers.com\/sv\/wp-json\/wp\/v2\/product_tag?post=9194"}],"curies":[{"name":"wp","href":"https:\/\/api.w.org\/{rel}","templated":true}]}}