{"id":934,"date":"2025-01-31T08:33:04","date_gmt":"2025-01-31T07:33:04","guid":{"rendered":"https:\/\/divainers.com\/producto\/divain-558\/"},"modified":"2026-03-16T16:08:06","modified_gmt":"2026-03-16T15:08:06","slug":"divain-558","status":"publish","type":"product","link":"https:\/\/divainers.com\/sv\/producto\/divain-558\/","title":{"rendered":"divain.558"},"content":{"rendered":"<p>Un aroma c\u00e1lido y seductor que combina la sofisticaci\u00f3n con una sensualidad envolvente. Desde la apertura, una mezcla fresca de bergamota y flor de azahar aporta un toque c\u00edtrico y brillante. En su coraz\u00f3n, la amber (\u00e1mbar) se convierte en la protagonista, con su suavidad c\u00e1lida y resinosa, que se fusiona con un toque de jazm\u00edn cremoso, aportando una feminidad profunda y sensual. Finalmente, un fondo de s\u00e1ndalo, vetiver y almizcle deja una estela amaderada y ligeramente terrosa que intensifica la calidez del \u00e1mbar. Un perfume ideal para quienes buscan una fragancia c\u00e1lida, floral y ambarina, perfecta para la noche o para ocasiones especiales donde se desea una presencia sensual y sofisticada.<\/p>\n","protected":false},"excerpt":{"rendered":"<p>Recuerda a Sexy Amber de Michael Kors<\/p>\n","protected":false},"featured_media":2958,"comment_status":"open","ping_status":"closed","template":"","meta":[],"product_brand":[],"product_cat":[720],"product_tag":[1420],"class_list":{"0":"post-934","1":"product","2":"type-product","3":"status-publish","4":"has-post-thumbnail","6":"product_cat-michael-kors","7":"product_tag-frauen","9":"first","10":"instock","11":"shipping-taxable","12":"product-type-simple"},"_links":{"self":[{"href":"https:\/\/divainers.com\/sv\/wp-json\/wp\/v2\/product\/934","targetHints":{"allow":["GET"]}}],"collection":[{"href":"https:\/\/divainers.com\/sv\/wp-json\/wp\/v2\/product"}],"about":[{"href":"https:\/\/divainers.com\/sv\/wp-json\/wp\/v2\/types\/product"}],"replies":[{"embeddable":true,"href":"https:\/\/divainers.com\/sv\/wp-json\/wp\/v2\/comments?post=934"}],"wp:featuredmedia":[{"embeddable":true,"href":"https:\/\/divainers.com\/sv\/wp-json\/wp\/v2\/media\/2958"}],"wp:attachment":[{"href":"https:\/\/divainers.com\/sv\/wp-json\/wp\/v2\/media?parent=934"}],"wp:term":[{"taxonomy":"product_brand","embeddable":true,"href":"https:\/\/divainers.com\/sv\/wp-json\/wp\/v2\/product_brand?post=934"},{"taxonomy":"product_cat","embeddable":true,"href":"https:\/\/divainers.com\/sv\/wp-json\/wp\/v2\/product_cat?post=934"},{"taxonomy":"product_tag","embeddable":true,"href":"https:\/\/divainers.com\/sv\/wp-json\/wp\/v2\/product_tag?post=934"}],"curies":[{"name":"wp","href":"https:\/\/api.w.org\/{rel}","templated":true}]}}