{"id":9461,"date":"2025-01-31T08:32:10","date_gmt":"2025-01-31T07:32:10","guid":{"rendered":"https:\/\/divainers.com\/producto\/divain-935\/"},"modified":"2026-04-30T09:55:39","modified_gmt":"2026-04-30T07:55:39","slug":"divain-935","status":"publish","type":"product","link":"https:\/\/divainers.com\/sv\/producto\/divain-935\/","title":{"rendered":"divain.935"},"content":{"rendered":"<p>En livfull och gnistrande doft som v\u00e4cker sinnena med en explosion av friskhet och energi. Fr\u00e5n f\u00f6rsta stund blandas citrusnoter av apelsin och citron med en touch av mandarin, vilket skapar en k\u00e4nsla av ljus och vitalitet, som en solstr\u00e5le p\u00e5 en str\u00e5lande dag. N\u00e4r doften utvecklas tillf\u00f6r en mjuk blomsterackord av jasmin och rosor en feminin delikatess, medan en varm bas av mysk och ceder ger en tr\u00e4ig grund som balanserar friskhet och mjukhet. Denna parfym \u00e4r perfekt f\u00f6r den som s\u00f6ker en uppfriskande och glad doftupplevelse som l\u00e4mnar ett l\u00e4tt, fr\u00e4scht och livfullt sp\u00e5r, idealiskt f\u00f6r stunder av frihet och optimism.<\/p>\n","protected":false},"excerpt":{"rendered":"<p>P\u00e5minner om Chispas de Dana<\/p>\n","protected":false},"featured_media":3215,"comment_status":"open","ping_status":"closed","template":"","meta":[],"product_brand":[],"product_cat":[2344],"product_tag":[2345],"class_list":{"0":"post-9461","1":"product","2":"type-product","3":"status-publish","4":"has-post-thumbnail","6":"product_cat-dana","7":"product_tag-ninos-y-ninas","9":"first","10":"instock","11":"shipping-taxable","12":"product-type-simple"},"_links":{"self":[{"href":"https:\/\/divainers.com\/sv\/wp-json\/wp\/v2\/product\/9461","targetHints":{"allow":["GET"]}}],"collection":[{"href":"https:\/\/divainers.com\/sv\/wp-json\/wp\/v2\/product"}],"about":[{"href":"https:\/\/divainers.com\/sv\/wp-json\/wp\/v2\/types\/product"}],"replies":[{"embeddable":true,"href":"https:\/\/divainers.com\/sv\/wp-json\/wp\/v2\/comments?post=9461"}],"wp:featuredmedia":[{"embeddable":true,"href":"https:\/\/divainers.com\/sv\/wp-json\/wp\/v2\/media\/3215"}],"wp:attachment":[{"href":"https:\/\/divainers.com\/sv\/wp-json\/wp\/v2\/media?parent=9461"}],"wp:term":[{"taxonomy":"product_brand","embeddable":true,"href":"https:\/\/divainers.com\/sv\/wp-json\/wp\/v2\/product_brand?post=9461"},{"taxonomy":"product_cat","embeddable":true,"href":"https:\/\/divainers.com\/sv\/wp-json\/wp\/v2\/product_cat?post=9461"},{"taxonomy":"product_tag","embeddable":true,"href":"https:\/\/divainers.com\/sv\/wp-json\/wp\/v2\/product_tag?post=9461"}],"curies":[{"name":"wp","href":"https:\/\/api.w.org\/{rel}","templated":true}]}}